{"id":3,"date":"2023-10-16T14:06:10","date_gmt":"2023-10-16T12:06:10","guid":{"rendered":"http:\/\/perfektspa.com\/?page_id=3"},"modified":"2024-01-11T01:36:22","modified_gmt":"2024-01-11T00:36:22","slug":"privacy-policy","status":"publish","type":"page","link":"https:\/\/perfektspa.com\/index.php\/privacy-policy\/","title":{"rendered":"Za\u0161tita privatnosti"},"content":{"rendered":"\t\t<div data-elementor-type=\"wp-page\" data-elementor-id=\"3\" class=\"elementor elementor-3\" data-elementor-post-type=\"page\">\n\t\t\t\t<div class=\"elementor-element elementor-element-61dee8bb e-flex e-con-boxed e-con e-parent\" data-id=\"61dee8bb\" data-element_type=\"container\" data-e-type=\"container\">\n\t\t\t\t\t<div class=\"e-con-inner\">\n\t\t\t\t<div class=\"elementor-element elementor-element-3263edc8 elementor-widget elementor-widget-text-editor\" data-id=\"3263edc8\" data-element_type=\"widget\" data-e-type=\"widget\" data-widget_type=\"text-editor.default\">\n\t\t\t\t<div class=\"elementor-widget-container\">\n\t\t\t\t\t\t\t\t\t<h2 style=\"text-align: justify;\">Politika privatnosti<\/h2><p style=\"text-align: justify;\">U www.perfektspa.com veoma cjenimo Va\u0161u privatnost i zato o Va\u0161im podacima izuzetno pa\u017eljivo brinemo. Sve posredovane informacije su sigurne i ne\u0107emo ih ni pod kojim uslovima ustupati tre\u0107em licu, \u0161to Vam osigurava potpuno sigurno i bezbjedno poslovanje i saradnju sa web-shopom www.perfektspa.com.<\/p><h2 style=\"text-align: justify;\">Za\u0161tita privatnosti podataka<\/h2><p style=\"text-align: justify;\">Da bismo uspje\u0161no obradili Va\u0161u narud\u017ebinu, potrebni su nam Va\u0161e ime i prezime, adresa, e-mail i telefon. Uz pomo\u0107 tih podataka bi\u0107emo u mogu\u0107nosti da Vam isporu\u010dimo \u017eeljenu robu, kao i da Vas obavjestimo o prijemu Va\u0161e narud\u017ebe.<\/p><p style=\"text-align: justify;\">Web-shop www.perfektspa.com \u0107e Va\u0161e li\u010dne podatke koristiti isklju\u010divo u svrhe tehni\u010dke administracije web-sajta, kako bismo Vam dali pristup posebnim informacijama ili za komunikaciju sa Vama. Web-shop perfektspa.com ne\u0107e predati ili prodati podatke koje posjeduje tre\u0107im licima, niti na tr\u017ei\u0161tu. Zaposleni u firmi www.perfektspa.com su obavezni da po\u0161tuju povjerljivost Va\u0161ih podataka. Nikada i ni na koji na\u010din ne\u0107emo zloupotrebiti Va\u0161e privatne informacije.<\/p><p style=\"text-align: justify;\">Ne\u0107emo predati Va\u0161e podatke za kontakt tre\u0107im licima, sem ukoliko se to od nas bude zahtevalo zakonom.<\/p><p style=\"text-align: justify;\">Pored navedenih podataka prikupljamo, analiziramo i obra\u0111ujemo podatke o proizvodima koje na\u0161i posjetioci tra\u017ee i kupuju, kao i o stranicama koje posje\u0107uju. Te podatke koristimo da bismo pobolj\u0161ali ponudu i izgled na\u0161ih stranica, i omogu\u0107ili Vam jednostavnije kori\u0161\u0107enje, sigurniju i udobniju kupovinu.<\/p><h2 style=\"text-align: justify;\">Cookies<\/h2><p style=\"text-align: justify;\">Na\u0161 sajt www.perfektspa.com koristi \u201ecookies\u02ee da Vam pomogne da prilagodite kori\u0161\u0107enje interneta Va\u0161im potrebama. Cookies je tekstualni fajl, koji je sme\u0161ten na Va\u0161em hard-disku od strane web-servera. Cookie-ji ne mogu biti kori\u0161\u0107eni da pokrenu program ili da isporu\u010de virus Va\u0161em ra\u010dunaru.<\/p><p style=\"text-align: justify;\">Cookie-ji su jedinstveno dodeljeni Vama, i jedino mogu biti pro\u010ditani od strane web-servera u domenu koji Vam ih je poslao. Jedna od osnovnih svrha cookie-ja je da obezbedi pogodnosti koje \u0107e Vam u\u0161tedeti vrijeme.<\/p><h2 style=\"text-align: justify;\">Saglasnost i promjena uslova<\/h2><p style=\"text-align: justify;\">Kori\u0161\u0107enje na\u0161ih servisa podrazumijeva saglasnost korisnika sa navedenim uslovima kori\u0161\u0107enja. Web-shop www.perfektspa.com se obavezuje da \u0107e se pridr\u017eavati svega navedenog, a sve promjene uslova postaju va\u017ee\u0107e tek nakon objavljivanja na ovoj strani.<\/p>\t\t\t\t\t\t\t\t<\/div>\n\t\t\t\t<\/div>\n\t\t\t\t\t<\/div>\n\t\t\t\t<\/div>\n\t\t<div class=\"elementor-element elementor-element-67d175d e-flex e-con-boxed e-con e-parent\" data-id=\"67d175d\" data-element_type=\"container\" data-e-type=\"container\">\n\t\t\t\t\t<div class=\"e-con-inner\">\n\t\t\t\t<div class=\"elementor-element elementor-element-80601e3 elementor-widget elementor-widget-spacer\" data-id=\"80601e3\" data-element_type=\"widget\" data-e-type=\"widget\" data-widget_type=\"spacer.default\">\n\t\t\t\t<div class=\"elementor-widget-container\">\n\t\t\t\t\t\t\t<div class=\"elementor-spacer\">\n\t\t\t<div class=\"elementor-spacer-inner\"><\/div>\n\t\t<\/div>\n\t\t\t\t\t\t<\/div>\n\t\t\t\t<\/div>\n\t\t\t\t\t<\/div>\n\t\t\t\t<\/div>\n\t\t\t\t<\/div>\n\t\t","protected":false},"excerpt":{"rendered":"<p>Politika privatnosti U www.perfektspa.com veoma cjenimo Va\u0161u privatnost i zato o Va\u0161im podacima izuzetno pa\u017eljivo brinemo. Sve posredovane informacije su sigurne i ne\u0107emo ih ni pod kojim uslovima ustupati tre\u0107em licu, \u0161to Vam osigurava potpuno sigurno i bezbjedno poslovanje i saradnju sa web-shopom www.perfektspa.com. Za\u0161tita privatnosti podataka Da bismo uspje\u0161no obradili Va\u0161u narud\u017ebinu, potrebni su&hellip;<\/p>\n","protected":false},"author":2,"featured_media":0,"parent":0,"menu_order":0,"comment_status":"closed","ping_status":"closed","template":"","meta":{"_monsterinsights_skip_tracking":false,"_monsterinsights_sitenote_active":false,"_monsterinsights_sitenote_note":"","_monsterinsights_sitenote_category":0,"footnotes":""},"class_list":["post-3","page","type-page","status-publish","hentry"],"aioseo_notices":[],"_links":{"self":[{"href":"https:\/\/perfektspa.com\/index.php\/wp-json\/wp\/v2\/pages\/3","targetHints":{"allow":["GET"]}}],"collection":[{"href":"https:\/\/perfektspa.com\/index.php\/wp-json\/wp\/v2\/pages"}],"about":[{"href":"https:\/\/perfektspa.com\/index.php\/wp-json\/wp\/v2\/types\/page"}],"author":[{"embeddable":true,"href":"https:\/\/perfektspa.com\/index.php\/wp-json\/wp\/v2\/users\/2"}],"replies":[{"embeddable":true,"href":"https:\/\/perfektspa.com\/index.php\/wp-json\/wp\/v2\/comments?post=3"}],"version-history":[{"count":10,"href":"https:\/\/perfektspa.com\/index.php\/wp-json\/wp\/v2\/pages\/3\/revisions"}],"predecessor-version":[{"id":56712,"href":"https:\/\/perfektspa.com\/index.php\/wp-json\/wp\/v2\/pages\/3\/revisions\/56712"}],"wp:attachment":[{"href":"https:\/\/perfektspa.com\/index.php\/wp-json\/wp\/v2\/media?parent=3"}],"curies":[{"name":"wp","href":"https:\/\/api.w.org\/{rel}","templated":true}]}}