{"id":56382,"date":"2023-12-22T23:56:35","date_gmt":"2023-12-22T22:56:35","guid":{"rendered":"https:\/\/perfektspa.com\/?page_id=56382"},"modified":"2024-01-11T01:27:49","modified_gmt":"2024-01-11T00:27:49","slug":"uslovi-koristenja","status":"publish","type":"page","link":"https:\/\/perfektspa.com\/index.php\/uslovi-koristenja\/","title":{"rendered":"Uslovi kori\u0161tenja"},"content":{"rendered":"\t\t<div data-elementor-type=\"wp-page\" data-elementor-id=\"56382\" class=\"elementor elementor-56382\" data-elementor-post-type=\"page\">\n\t\t\t\t<div class=\"elementor-element elementor-element-1882ffcb e-flex e-con-boxed e-con e-parent\" data-id=\"1882ffcb\" data-element_type=\"container\" data-e-type=\"container\">\n\t\t\t\t\t<div class=\"e-con-inner\">\n\t\t\t\t<div class=\"elementor-element elementor-element-5cf36161 elementor-widget elementor-widget-text-editor\" data-id=\"5cf36161\" data-element_type=\"widget\" data-e-type=\"widget\" data-widget_type=\"text-editor.default\">\n\t\t\t\t<div class=\"elementor-widget-container\">\n\t\t\t\t\t\t\t\t\t<p style=\"text-align: justify;\"><strong><b>Na osnovu PRAVILNIKA O NA\u010cINU OBAVLJANJA DALJINSKE TRGOVINE -PRODAJE NA DALJINU (\u201cSl. glasnik RS\u201d br. 14\/2021) svoje potro\u0161a\u010de, koji robu kupuju putem internet sajta www.perfektspa.com, obavje\u0161tava:<\/b><\/strong><\/p><ul><li style=\"text-align: justify;\">da se osnovna obilje\u017eja proizvoda mogu prona\u0107i na sajtu www.perfektspa.com;<\/li><li style=\"text-align: justify;\">da je MOBILAND d.o.o. vlasnik Web shopa \u201cperfektspa.com\u201d registrovan sa sjedi\u0161tem u Banja Luci, Milana Karanovi\u0107a, Lamella C1 broj51, sa Jedinstvenim mati\u010dnim brojem: 4403053350005, broj telefona:066\/311-388, e-mail adresa: perfektspabl@gmail.com<\/li><li style=\"text-align: justify;\">da se prema Zakonu o za\u0161titi potro\u0161a\u010da\u00a0 kupovina preko na\u0161eg sajta\u00a0 www.perfektspa.com smatra prodajom na daljinu;<\/li><li style=\"text-align: justify;\">da roba koja se prodaje putem internet sajta www.perfektspa.com posjeduje svojstva potrebna za redovnu upotrebu te vrste robe u skladu sa njenom namjenom koja je definisana u Deklaraciji;<\/li><li style=\"text-align: justify;\">da je prodajna cijena robe nazna\u010dena uz svaki artikal;<\/li><li style=\"text-align: justify;\">da su sve cijene izra\u017eene sa ura\u010dunatim PDV-om;<\/li><li style=\"text-align: justify;\">da je usluga isporuke robe besplatna za porud\u017ebine koje su ve\u0107e od 100 KM;<\/li><li style=\"text-align: justify;\">da kupljene proizvode isporu\u010dujemo putem kurirske slu\u017ebe \u201cPo\u0161te Srpske\u201d (koje dostavljaju na cijeloj teritoriji BiH), na na\u010din kako je to definisano na strani\u00a0<a href=\"https:\/\/perfektspa.com\/index.php\/uslovi-isporuke\/\">USLOVI ISPORUKE<\/a>;<\/li><li style=\"text-align: justify;\">da potro\u0161a\u010d proizvode koje kupuje putem sajta www.perfektspa.com mo\u017ee platiti pouze\u0107em gotovinski u trenutku isporuke;<\/li><li style=\"text-align: justify;\">da je potro\u0161a\u010d prilikom kreiranja porud\u017ebenice pritiskom na taster NARU\u010cITE poslao ponudu prodavcu i da je u trenutku prijema potvrde porud\u017ebine preuzeo obavezu pla\u0107anja naru\u010dene robe;<\/li><li style=\"text-align: justify;\">da se saobraznost robe ugovoru ISKLJU\u010cIVO utvr\u0111uje prema svojstvima i namjeni robe kako je to definisano pripadaju\u0107om Deklaracijom;<\/li><li style=\"text-align: justify;\">da je sajt www.perfektspa du\u017ean da isporu\u010di proizvode saobrazne ugovoru. Ako isporu\u010deni proizvodi nisu saobrazni ugovoru, potro\u0161a\u010d koji je obavjestio prodavca o nesaobraznosti, ima pravo da zahtjeva od prodavca da otkloni nesaobraznost, bez naknade ili da raskine ugovor u pogledu te robe. Sve tro\u0161kove koji su neophodni da bi se roba saobrazila ugovoru, a naro\u010dito tro\u0161kove rada, materijala, preuzimanja i isporuke, snosi www.perfektspa.com;<\/li><li style=\"text-align: justify;\">da u slu\u010daju prijema proizvoda potro\u0161a\u010d isti ne \u017eeli da zadr\u017ei, ima pravo na odustanak ugovora i povra\u0107aj sredstava u visini pla\u0107ene kupoprodajne cijene za predmetni proizvod, u roku od 14 dana na na\u010din kako je to definisano na strani\u00a0<a href=\"https:\/\/perfektspa.com\/index.php\/povrat-sredstava\/\">PRAVO NA ODUSTAJANJE;<\/a><\/li><li style=\"text-align: justify;\">da za proizvode koji su poru\u010deni putem ONLINE prodavnice potro\u0161a\u010d ima pravo da izjavi reklamaciju na na\u010din koji je definisan za robu kupljenu putem ONLINE prodavnice. Na\u010din i postupak izjavljivanja reklamacije mo\u017eete prona\u0107i na strani\u00a0<a href=\"https:\/\/perfektspa.com\/index.php\/reklamacija\/\">REKLAMACIJE<\/a>.<\/li><\/ul>\t\t\t\t\t\t\t\t<\/div>\n\t\t\t\t<\/div>\n\t\t\t\t\t<\/div>\n\t\t\t\t<\/div>\n\t\t<div class=\"elementor-element elementor-element-f1c0cc2 e-flex e-con-boxed e-con e-parent\" data-id=\"f1c0cc2\" data-element_type=\"container\" data-e-type=\"container\">\n\t\t\t\t\t<div class=\"e-con-inner\">\n\t\t\t\t<div class=\"elementor-element elementor-element-9514d11 elementor-widget elementor-widget-spacer\" data-id=\"9514d11\" data-element_type=\"widget\" data-e-type=\"widget\" data-widget_type=\"spacer.default\">\n\t\t\t\t<div class=\"elementor-widget-container\">\n\t\t\t\t\t\t\t<div class=\"elementor-spacer\">\n\t\t\t<div class=\"elementor-spacer-inner\"><\/div>\n\t\t<\/div>\n\t\t\t\t\t\t<\/div>\n\t\t\t\t<\/div>\n\t\t\t\t\t<\/div>\n\t\t\t\t<\/div>\n\t\t\t\t<\/div>\n\t\t","protected":false},"excerpt":{"rendered":"<p>Na osnovu PRAVILNIKA O NA\u010cINU OBAVLJANJA DALJINSKE TRGOVINE -PRODAJE NA DALJINU (\u201cSl. glasnik RS\u201d br. 14\/2021) svoje potro\u0161a\u010de, koji robu kupuju putem internet sajta www.perfektspa.com, obavje\u0161tava: da se osnovna obilje\u017eja proizvoda mogu prona\u0107i na sajtu www.perfektspa.com; da je MOBILAND d.o.o. vlasnik Web shopa \u201cperfektspa.com\u201d registrovan sa sjedi\u0161tem u Banja Luci, Milana Karanovi\u0107a, Lamella C1 broj51,&hellip;<\/p>\n","protected":false},"author":2,"featured_media":0,"parent":0,"menu_order":0,"comment_status":"closed","ping_status":"closed","template":"","meta":{"_monsterinsights_skip_tracking":false,"_monsterinsights_sitenote_active":false,"_monsterinsights_sitenote_note":"","_monsterinsights_sitenote_category":0,"footnotes":""},"class_list":["post-56382","page","type-page","status-publish","hentry"],"aioseo_notices":[],"_links":{"self":[{"href":"https:\/\/perfektspa.com\/index.php\/wp-json\/wp\/v2\/pages\/56382","targetHints":{"allow":["GET"]}}],"collection":[{"href":"https:\/\/perfektspa.com\/index.php\/wp-json\/wp\/v2\/pages"}],"about":[{"href":"https:\/\/perfektspa.com\/index.php\/wp-json\/wp\/v2\/types\/page"}],"author":[{"embeddable":true,"href":"https:\/\/perfektspa.com\/index.php\/wp-json\/wp\/v2\/users\/2"}],"replies":[{"embeddable":true,"href":"https:\/\/perfektspa.com\/index.php\/wp-json\/wp\/v2\/comments?post=56382"}],"version-history":[{"count":25,"href":"https:\/\/perfektspa.com\/index.php\/wp-json\/wp\/v2\/pages\/56382\/revisions"}],"predecessor-version":[{"id":56709,"href":"https:\/\/perfektspa.com\/index.php\/wp-json\/wp\/v2\/pages\/56382\/revisions\/56709"}],"wp:attachment":[{"href":"https:\/\/perfektspa.com\/index.php\/wp-json\/wp\/v2\/media?parent=56382"}],"curies":[{"name":"wp","href":"https:\/\/api.w.org\/{rel}","templated":true}]}}