{"id":56391,"date":"2023-12-23T00:02:35","date_gmt":"2023-12-22T23:02:35","guid":{"rendered":"https:\/\/perfektspa.com\/?page_id=56391"},"modified":"2024-01-11T01:05:37","modified_gmt":"2024-01-11T00:05:37","slug":"uslovi-isporuke","status":"publish","type":"page","link":"https:\/\/perfektspa.com\/index.php\/uslovi-isporuke\/","title":{"rendered":"Uslovi isporuke"},"content":{"rendered":"\t\t<div data-elementor-type=\"wp-page\" data-elementor-id=\"56391\" class=\"elementor elementor-56391\" data-elementor-post-type=\"page\">\n\t\t\t\t<div class=\"elementor-element elementor-element-1882ffcb e-flex e-con-boxed e-con e-parent\" data-id=\"1882ffcb\" data-element_type=\"container\" data-e-type=\"container\">\n\t\t\t\t\t<div class=\"e-con-inner\">\n\t\t\t\t<div class=\"elementor-element elementor-element-5cf36161 elementor-widget elementor-widget-text-editor\" data-id=\"5cf36161\" data-element_type=\"widget\" data-e-type=\"widget\" data-widget_type=\"text-editor.default\">\n\t\t\t\t<div class=\"elementor-widget-container\">\n\t\t\t\t\t\t\t\t\t<h2 style=\"text-align: justify;\">Rok isporuke<\/h2><p style=\"text-align: justify;\">U zavisnosti od raspolo\u017eive koli\u010dine poru\u010denih proizvoda, o\u010dekivani rok isporuke je do 72 h (vikend ne ulazi u satnicu isporuke).<\/p><p style=\"text-align: justify;\">Porud\u017ebine formirane radnim danom do 12 h bi\u0107e obra\u0111ene istog dana, dok \u0107e porud\u017ebine formirane posle 12 h bi\u0107e obra\u0111ene slede\u0107eg radnog dana. Ukoliko porud\u017ebinu formirate u petak posle 12 h, subotu ili nedelju, porud\u017ebina \u0107e biti obra\u0111ena u ponedjeljak.<\/p><p style=\"text-align: justify;\">Nakon obrade porud\u017ebine, bi\u0107ete obavje\u0161teni o statusu Va\u0161e porud\u017ebine putem email-a.<\/p><p style=\"text-align: justify;\">Specijalna pogodnost je besplatna dostava na ku\u0107nu adresu za porud\u017ebine vrednosti preko 100 KM.<\/p><p style=\"text-align: justify;\">Dostava robe na teritoriji BiH vr\u0161i se putem kurirske slu\u017ebe, direktno na adresu kupca. Tip dostave je \u201eod vrata do vrata\u02ee.<\/p><p style=\"text-align: justify;\">Dostava robe se ne vr\u0161i u toku vikenda ili dr\u017eavnih praznika.<\/p><h2 style=\"text-align: justify;\">Preuzimanje po\u0161iljke<\/h2><p style=\"text-align: justify;\">Naru\u010dene proizvode Vam \u0161aljemo kurirskom slu\u017ebom \u201cPo\u0161te Srpske\u201d, koja isporuku vr\u0161i na teritoriji BiH.<\/p><p style=\"text-align: justify;\">Radno vrijeme kurirske slu\u017ebe je svakog radnog dana od 8 h do 16 h.<\/p><p style=\"text-align: justify;\">Molimo Vas da u tom periodu obezbjedite da na adresi bude osoba koja mo\u017ee preuzeti po\u0161iljku. Prilikom preuzimanja po\u0161iljke potrebno je da vizuelno pregledate paket da slu\u010dajno ne postoje neka vidna o\u0161te\u0107enja. Ukoliko primjetite da je transportna kutija zna\u010dajno o\u0161te\u0107ena i posumnjate da je proizvod mo\u017eda o\u0161te\u0107en, odbijte prijem po\u0161iljke i odmah nas obavjestite, pozivom na brojeve telefona 066\/311-388 \u00a0ili putem email-a \u00a0perfektspabl@gmail.com. Ukoliko je po\u0161iljka naizgled bez o\u0161te\u0107enja, slobodno je preuzmite i potpi\u0161ite kuriru adresnicu. Kurir svaku po\u0161iljku poku\u0161ava da uru\u010di u dva navrata. Uobi\u010dajena praksa je, ukoliko Vas kurir ne prona\u0111e na adresi, da Vas pozove na telefon koji ste ostavili prilikom kreiranja porud\u017ebenice i ugovori novi termin isporuke. Ukoliko Vas i tada ne prona\u0111e na adresi, po\u0161iljka \u0107e se vratiti nama. Po prijemu po\u0161iljke, kontaktira\u0107emo Vas kako bismo ustanovili razlog neuru\u010denja i dogovoriti se o ponovnom slanju.<\/p><h2 style=\"text-align: justify;\">Cijena isporuke<\/h2><p style=\"text-align: justify;\">Tro\u0161kovi isporuke na teritoriji BiH<\/p><p style=\"text-align: justify;\">Cijena isporuke za sve porud\u017ebine u iznosu ispod 100 KM \u00a0iznosi 7 KM.<\/p><p style=\"text-align: justify;\">Za svaku kupovinu u iznosu preko 100 KM putem sajta www.ledsolar.ba ili telefonom na brojeve 066\/311-388, po\u0161tarina je besplatna.<\/p><p style=\"text-align: justify;\">Potvrdom porud\u017ebine, klikom na dugme NARU\u010cITE, saglasni ste sa uslovima isporuke.<\/p>\t\t\t\t\t\t\t\t<\/div>\n\t\t\t\t<\/div>\n\t\t\t\t\t<\/div>\n\t\t\t\t<\/div>\n\t\t<div class=\"elementor-element elementor-element-2945aab e-flex e-con-boxed e-con e-parent\" data-id=\"2945aab\" data-element_type=\"container\" data-e-type=\"container\">\n\t\t\t\t\t<div class=\"e-con-inner\">\n\t\t\t\t<div class=\"elementor-element elementor-element-7d5c0e2 elementor-widget elementor-widget-spacer\" data-id=\"7d5c0e2\" data-element_type=\"widget\" data-e-type=\"widget\" data-widget_type=\"spacer.default\">\n\t\t\t\t<div class=\"elementor-widget-container\">\n\t\t\t\t\t\t\t<div class=\"elementor-spacer\">\n\t\t\t<div class=\"elementor-spacer-inner\"><\/div>\n\t\t<\/div>\n\t\t\t\t\t\t<\/div>\n\t\t\t\t<\/div>\n\t\t\t\t\t<\/div>\n\t\t\t\t<\/div>\n\t\t\t\t<\/div>\n\t\t","protected":false},"excerpt":{"rendered":"<p>Rok isporuke U zavisnosti od raspolo\u017eive koli\u010dine poru\u010denih proizvoda, o\u010dekivani rok isporuke je do 72 h (vikend ne ulazi u satnicu isporuke). Porud\u017ebine formirane radnim danom do 12 h bi\u0107e obra\u0111ene istog dana, dok \u0107e porud\u017ebine formirane posle 12 h bi\u0107e obra\u0111ene slede\u0107eg radnog dana. Ukoliko porud\u017ebinu formirate u petak posle 12 h, subotu ili&hellip;<\/p>\n","protected":false},"author":2,"featured_media":0,"parent":0,"menu_order":0,"comment_status":"closed","ping_status":"closed","template":"","meta":{"_monsterinsights_skip_tracking":false,"_monsterinsights_sitenote_active":false,"_monsterinsights_sitenote_note":"","_monsterinsights_sitenote_category":0,"footnotes":""},"class_list":["post-56391","page","type-page","status-publish","hentry"],"aioseo_notices":[],"_links":{"self":[{"href":"https:\/\/perfektspa.com\/index.php\/wp-json\/wp\/v2\/pages\/56391","targetHints":{"allow":["GET"]}}],"collection":[{"href":"https:\/\/perfektspa.com\/index.php\/wp-json\/wp\/v2\/pages"}],"about":[{"href":"https:\/\/perfektspa.com\/index.php\/wp-json\/wp\/v2\/types\/page"}],"author":[{"embeddable":true,"href":"https:\/\/perfektspa.com\/index.php\/wp-json\/wp\/v2\/users\/2"}],"replies":[{"embeddable":true,"href":"https:\/\/perfektspa.com\/index.php\/wp-json\/wp\/v2\/comments?post=56391"}],"version-history":[{"count":7,"href":"https:\/\/perfektspa.com\/index.php\/wp-json\/wp\/v2\/pages\/56391\/revisions"}],"predecessor-version":[{"id":56686,"href":"https:\/\/perfektspa.com\/index.php\/wp-json\/wp\/v2\/pages\/56391\/revisions\/56686"}],"wp:attachment":[{"href":"https:\/\/perfektspa.com\/index.php\/wp-json\/wp\/v2\/media?parent=56391"}],"curies":[{"name":"wp","href":"https:\/\/api.w.org\/{rel}","templated":true}]}}