{"id":56396,"date":"2023-12-23T00:06:40","date_gmt":"2023-12-22T23:06:40","guid":{"rendered":"https:\/\/perfektspa.com\/?page_id=56396"},"modified":"2024-01-11T01:05:01","modified_gmt":"2024-01-11T00:05:01","slug":"uslovi-kupovine","status":"publish","type":"page","link":"https:\/\/perfektspa.com\/index.php\/uslovi-kupovine\/","title":{"rendered":"Uslovi kupovine"},"content":{"rendered":"\t\t<div data-elementor-type=\"wp-page\" data-elementor-id=\"56396\" class=\"elementor elementor-56396\" data-elementor-post-type=\"page\">\n\t\t\t\t<div class=\"elementor-element elementor-element-1882ffcb e-flex e-con-boxed e-con e-parent\" data-id=\"1882ffcb\" data-element_type=\"container\" data-e-type=\"container\">\n\t\t\t\t\t<div class=\"e-con-inner\">\n\t\t\t\t<div class=\"elementor-element elementor-element-5cf36161 elementor-widget elementor-widget-text-editor\" data-id=\"5cf36161\" data-element_type=\"widget\" data-e-type=\"widget\" data-widget_type=\"text-editor.default\">\n\t\t\t\t<div class=\"elementor-widget-container\">\n\t\t\t\t\t\t\t\t\t<p style=\"text-align: justify;\">Uslovima kupovine definisana su pravila \u010dije po\u0161tovanje od strane prodavca i kupca obezbje\u0111uje uspje\u0161no okon\u010danje prodajnih transakcija putem internet sajta www.perfektspa.com. Uslovima kupovine precizirane su i posljedice koje snose MOBILAND d.o.o. kao vlasnik Web shopa \u201cperfektspa.com\u201d u daljem tekstu www.perfektspa.com i Kupac, a koje mogu biti uzrokovane nepo\u0161tovanjem definisanih pravila. www.perfektspa.com zadr\u017eava pravo promjene op\u0161tih uslova kupovine, shodno novim momentima ponude i zakonske regulative, pa je potrebno pre svake kupovine provjeriti informacije u vezi sa op\u0161tim uslovima kupovine. Kupovinu putem internet sajta www.perfektspa.com mogu obaviti isklju\u010divo punoljetna lica.<\/p><p style=\"text-align: justify;\">Proizvodi koji se nalaze na sajtu www.perfektspa.com su dostupni na lageru i raspolo\u017eivi kupcima za kupovinu putem interneta ( ukoliko nije nazna\u010deno da je proizvod rasprodan).<\/p><p style=\"text-align: justify;\">www.perfektspa.com garantuje cijenu na dan kupovine, bez obzira na eventulanu promjenu cijene u toku izvr\u0161enja isporuke. To se odnosi i na evenutalno pove\u0107anje ili smanjenje cijene. U slu\u010daju gre\u0161ke prilikom kupovine (npr. prekid konekcije interneta\u2026), ra\u010dun Kupca ne\u0107e biti zadu\u017een. Ukoliko www.perfektspa.com iz tehni\u010dkih razloga nije u mogu\u0107nosti da isporu\u010di kupljenu robu, Kupac \u0107e momentalno biti obavje\u0161ten putem telefona ili mejla, a ra\u010dun Kupca ne\u0107e biti zadu\u017een za dati iznos.<\/p><p style=\"text-align: justify;\">Ukoliko Kupac unese pogre\u0161ne li\u010dne podatke ili podatke o adresi prebivali\u0161ta (adresa za isporuku robe) prilikom procesa kupovine, www.perfektspa.com ne snosi odgovornost za neisporu\u010divanje robe i u tom slu\u010daju \u0107e poku\u0161ati da kontaktira Kupca i isporu\u010di robu na novoutvr\u0111enu adresu, uz naplatu dodatnih tro\u0161kova za dostavu. Ukoliko postoje nejasno\u0107e u vezi unjetih li\u010dnih podataka ili odabranih proizvoda, www.perfektspa.com \u0107e prije slanja robe kontaktirati Kupca telefonom i mail-om. U slu\u010daju da je kupac nedostupan ili ne odgovori na mail, ovo mo\u017ee prouzrokovati produ\u017eenje roka dostave za koji www.perfektspa.com ne preuzima odgovornost.<\/p><p style=\"text-align: justify;\">MOBILAND d.o.o. kao vlasnik Web shopa \u201eperfektspa.com\u201c je u sistemu PDV-a. PDV je ura\u010dunat u cijenu i nema skrivenih tro\u0161kova.<\/p><h2 style=\"text-align: justify;\">POSLOVNI PODACI<\/h2><p style=\"text-align: justify;\">MOBILAND d.o.o. BANJA LUKA<\/p><p style=\"text-align: justify;\">JIB: 4403053350005<\/p><p style=\"text-align: justify;\">PIB: 403053350005<\/p><p style=\"text-align: justify;\">web-adresa: www.perfektspa.com<\/p><p style=\"text-align: justify;\">Kontakt telefoni: 066\/311-388<\/p><p style=\"text-align: justify;\">e-mail: perfektspabl@gmail.com<\/p><h2 style=\"text-align: justify;\">Naru\u010divanje<\/h2><p style=\"text-align: justify;\">Na internet stanicama mo\u017eete izabrati proizvode za kupovinu biraju\u0107i opciju \u201eDodaj u korpu\u02ee.<\/p><p style=\"text-align: justify;\">U sadr\u017eaju Va\u0161e korpe mo\u017eete u svakom trenutku vidjeti poru\u010dene proizvode i cijene i izvr\u0161iti eventualne izmjene dodavanjem i brisanjem.<\/p><p style=\"text-align: justify;\">Kad ste utvrdili Va\u0161u kona\u010dnu porud\u017ebinu, izaberite opciju \u201eKreni na pla\u0107anje\u02ee.<\/p><p style=\"text-align: justify;\">Na stranici \u201ePodaci o kupcu\u02ee potrebno \u0458\u0435\u00a0unijeti sve podatke, na\u010din pla\u0107anja i \u017eeljene napomene za isporuku.<\/p><p style=\"text-align: justify;\">Nakon toga izaberite opciju \u201eNaru\u010dite\u02ee.<\/p><p style=\"text-align: justify;\">Ako ste uspje\u0161no unjeli sve podatke, generisa\u0107e se \u0435-mail sa poru\u010denim artiklima na na\u0161u i Va\u0161u \u0435-mail adresu.<\/p><p style=\"text-align: justify;\">Kontaktira\u0107e Vas na\u0161 komercijalista da potvrdite porud\u017ebinu i poslati Predra\u010dun, koji sadr\u017ei podatke o artiklima, cijenama, na\u010dinu pla\u0107anja, na\u010dinu i roku isporuke.<\/p><p style=\"text-align: justify;\">Nakon utvr\u0111enja svih detalja transakcije, izvr\u0161i\u0107emo isporuku u najkra\u0107em mogu\u0107em roku.<\/p><h2 style=\"text-align: justify;\">Za\u0161tita privatnosti korisnika<\/h2><p style=\"text-align: justify;\">www. perfektspa.com se obavezuje da \u0107e \u010duvati privatnost svih svojih kupaca. Prikupljamo samo neophodne, osnovne podatke o kupcima\/ korisnicima i podatke neophodne za poslovanje i informisanje korisnika u skladu sa dobrim poslovnim obi\u010dajima i u cilju pru\u017eanja kvalitetne usluge.<\/p><p style=\"text-align: justify;\">Dajemo kupcima mogu\u0107nost izbora, uklju\u010duju\u0107i mogu\u0107nost odluke da li \u017eele ili ne da se izbri\u0161u sa mailing lista koje se koriste za marketin\u0161ke kampanje.<\/p><p style=\"text-align: justify;\">Svi podaci o korisnicima\/kupcima se strogo \u010duvaju i dostupni su samo zaposlenima kojima su ti podaci nu\u017eni za obavljanje posla. Svi zaposleni u firmi www.perfektspa.com odgovorni su za po\u0161tovanje na\u010dela za\u0161tite privatnosti.<\/p><h2 style=\"text-align: justify;\">Cjenovnik po\u0161tanskih tro\u0161kova<\/h2><p style=\"text-align: justify;\">U cijenu nisu ura\u010dunati po\u0161tanski tro\u0161kovi, koji iznose 7 KM.<\/p><p style=\"text-align: justify;\">Za svaku kupovinu u iznosu preko 1000 KM po\u0161tarina je besplatna.<\/p><h2 style=\"text-align: justify;\">Povra\u0107aj sredstava<\/h2><p style=\"text-align: justify;\">Povra\u0107aj robe se koristi isklju\u010divo u slu\u010daju reklamacije. Kupac ima pravo reklamacije u slu\u010daju:<\/p><ol><li style=\"text-align: justify;\">isporuke robe koja nije naru\u010dena;<\/li><li>isporuke robe u koli\u010dinama koje nisu naru\u010dene;<\/li><li>isporuke robe koja ima materijalne nedostatke.<\/li><\/ol><p style=\"text-align: justify;\">Kupac je du\u017ean da uputi \u017ealbu pisanim putem (e-po\u0161tom, telefaksom, preporu\u010denom po\u0161tom) ili telefonskim putem u roku od 3 (tri) radna dana od zaklju\u010dene narud\u017ebine, tj. od datuma dostave, kao i da za predmetnu robu dostavi odgovaraju\u0107i ra\u010dun. www.perfektspa.com je du\u017ean da o \u017ealbi Kupca odlu\u010di u roku od 5 (pet) radnih dana od dana prijema \u017ealbe, i da o ishodu postupka po \u017ealbi odmah obavjesti Kupca, pismenim ili usmenim putem.<\/p><p style=\"text-align: justify;\">U slu\u010daju da \u017ealba Kupca bude uva\u017eena, www. perfektspa.com ima obavezu da otkloni nedostatak na predmetnoj robi. U slu\u010daju da nedostatak na predmetnoj robi nije mogu\u0107e otkloniti, Kupac ima pravo da zahtkeva isporuku iste robe bez nedostataka ili povra\u0107aj pla\u0107enog nov\u010danog iznosa. Kupac je du\u017ean da po\u0161alje nazad predmetnu robu u roku od 5 (pet) radnih dana od dana prijema obave\u0161tjenja da je \u017ealba Kupca uva\u017eena.<\/p><h2 style=\"text-align: justify;\">Dostava robe<\/h2><p style=\"text-align: justify;\">Dostava robe se vr\u0161i na teritoriji BOSNE i HERCEGOVINE putem kurirske slu\u017ebe, direktno na adresu kupca.<\/p><p style=\"text-align: justify;\">Tip dostave je \u201eod vrata do vrata\u02ee.<\/p><p style=\"text-align: justify;\">Dostava robe se ne vr\u0161i u toku vikenda ili dr\u017eavnih praznika.<\/p><p style=\"text-align: justify;\">Uobi\u010dajeno vrijeme isporuke je u roku od 2-3 \u00a0dana od obavje\u0161tenja na\u0161e prodajne slu\u017ebe o potvrdi porud\u017ebine.<\/p><p style=\"text-align: justify;\">www. perfektspa.com nije odgovorna za eventualnu \u0161tetu nastalu zbog ka\u0161njenja u dostavi robe od strane kurirske slu\u017ebe do krajnjeg kupca.<\/p><h2 style=\"text-align: justify;\">Izjava o konverziji<\/h2><p style=\"text-align: justify;\">Sva pla\u0107anja bi\u0107e izvr\u0161ena u lokalnoj valuti Konvertibilnoj Marki (KM).<\/p><h2 style=\"text-align: justify;\">Pravo na odustanak od ugovora<\/h2><p style=\"text-align: justify;\">Potro\u0161a\u010di, po pravilu, imaju pravo da odustanu od ugovora o kupoprodaji koje zaklju\u010de na daljinu ili izvan poslovnih prostorija trgovca. Ugovori na daljinu su oni ugovori koje potro\u0161a\u010di zaklju\u010duju posredstvom nekog od sredstava komunikacije (npr. kupovina preko interneta, putem telefona), pod uslovom da prodavac na taj na\u010din vr\u0161i organizovanu prodaju ili pru\u017eanje usluga.<\/p><p style=\"text-align: justify;\">Potro\u0161a\u010d mo\u017ee da odustane od ugovora zaklju\u010denog na daljinu ili izvan poslovnih prostorija prodavca u roku od 14 dana od dana isporuke robe, odnosno zaklju\u010denja ugovora o pru\u017eanju usluga.<\/p>\t\t\t\t\t\t\t\t<\/div>\n\t\t\t\t<\/div>\n\t\t\t\t\t<\/div>\n\t\t\t\t<\/div>\n\t\t<div class=\"elementor-element elementor-element-3098f04 e-flex e-con-boxed e-con e-parent\" data-id=\"3098f04\" data-element_type=\"container\" data-e-type=\"container\">\n\t\t\t\t\t<div class=\"e-con-inner\">\n\t\t\t\t<div class=\"elementor-element elementor-element-dc52bde elementor-widget elementor-widget-spacer\" data-id=\"dc52bde\" data-element_type=\"widget\" data-e-type=\"widget\" data-widget_type=\"spacer.default\">\n\t\t\t\t<div class=\"elementor-widget-container\">\n\t\t\t\t\t\t\t<div class=\"elementor-spacer\">\n\t\t\t<div class=\"elementor-spacer-inner\"><\/div>\n\t\t<\/div>\n\t\t\t\t\t\t<\/div>\n\t\t\t\t<\/div>\n\t\t\t\t\t<\/div>\n\t\t\t\t<\/div>\n\t\t\t\t<\/div>\n\t\t","protected":false},"excerpt":{"rendered":"<p>Uslovima kupovine definisana su pravila \u010dije po\u0161tovanje od strane prodavca i kupca obezbje\u0111uje uspje\u0161no okon\u010danje prodajnih transakcija putem internet sajta www.perfektspa.com. Uslovima kupovine precizirane su i posljedice koje snose MOBILAND d.o.o. kao vlasnik Web shopa \u201cperfektspa.com\u201d u daljem tekstu www.perfektspa.com i Kupac, a koje mogu biti uzrokovane nepo\u0161tovanjem definisanih pravila. www.perfektspa.com zadr\u017eava pravo promjene op\u0161tih&hellip;<\/p>\n","protected":false},"author":2,"featured_media":0,"parent":0,"menu_order":0,"comment_status":"closed","ping_status":"closed","template":"","meta":{"_monsterinsights_skip_tracking":false,"_monsterinsights_sitenote_active":false,"_monsterinsights_sitenote_note":"","_monsterinsights_sitenote_category":0,"footnotes":""},"class_list":["post-56396","page","type-page","status-publish","hentry"],"aioseo_notices":[],"_links":{"self":[{"href":"https:\/\/perfektspa.com\/index.php\/wp-json\/wp\/v2\/pages\/56396","targetHints":{"allow":["GET"]}}],"collection":[{"href":"https:\/\/perfektspa.com\/index.php\/wp-json\/wp\/v2\/pages"}],"about":[{"href":"https:\/\/perfektspa.com\/index.php\/wp-json\/wp\/v2\/types\/page"}],"author":[{"embeddable":true,"href":"https:\/\/perfektspa.com\/index.php\/wp-json\/wp\/v2\/users\/2"}],"replies":[{"embeddable":true,"href":"https:\/\/perfektspa.com\/index.php\/wp-json\/wp\/v2\/comments?post=56396"}],"version-history":[{"count":7,"href":"https:\/\/perfektspa.com\/index.php\/wp-json\/wp\/v2\/pages\/56396\/revisions"}],"predecessor-version":[{"id":56683,"href":"https:\/\/perfektspa.com\/index.php\/wp-json\/wp\/v2\/pages\/56396\/revisions\/56683"}],"wp:attachment":[{"href":"https:\/\/perfektspa.com\/index.php\/wp-json\/wp\/v2\/media?parent=56396"}],"curies":[{"name":"wp","href":"https:\/\/api.w.org\/{rel}","templated":true}]}}