{"id":56415,"date":"2023-12-23T00:23:24","date_gmt":"2023-12-22T23:23:24","guid":{"rendered":"https:\/\/perfektspa.com\/?page_id=56415"},"modified":"2024-01-11T01:06:02","modified_gmt":"2024-01-11T00:06:02","slug":"nacin-placanja","status":"publish","type":"page","link":"https:\/\/perfektspa.com\/index.php\/nacin-placanja\/","title":{"rendered":"Na\u010din pla\u0107anja"},"content":{"rendered":"\t\t<div data-elementor-type=\"wp-page\" data-elementor-id=\"56415\" class=\"elementor elementor-56415\" data-elementor-post-type=\"page\">\n\t\t\t\t<div class=\"elementor-element elementor-element-1882ffcb e-flex e-con-boxed e-con e-parent\" data-id=\"1882ffcb\" data-element_type=\"container\" data-e-type=\"container\">\n\t\t\t\t\t<div class=\"e-con-inner\">\n\t\t\t\t<div class=\"elementor-element elementor-element-5cf36161 elementor-widget elementor-widget-text-editor\" data-id=\"5cf36161\" data-element_type=\"widget\" data-e-type=\"widget\" data-widget_type=\"text-editor.default\">\n\t\t\t\t<div class=\"elementor-widget-container\">\n\t\t\t\t\t\t\t\t\t<p>Pouze\u0107em<\/p><p>Naru\u010dene artikle dobijate na ku\u0107nu adresu, a tro\u0161kove porud\u017ebine pla\u0107ate kuriru.<\/p>\t\t\t\t\t\t\t\t<\/div>\n\t\t\t\t<\/div>\n\t\t\t\t\t<\/div>\n\t\t\t\t<\/div>\n\t\t<div class=\"elementor-element elementor-element-fb9fdbd e-flex e-con-boxed e-con e-parent\" data-id=\"fb9fdbd\" data-element_type=\"container\" data-e-type=\"container\">\n\t\t\t\t\t<div class=\"e-con-inner\">\n\t\t\t\t<div class=\"elementor-element elementor-element-f10facd elementor-widget elementor-widget-spacer\" data-id=\"f10facd\" data-element_type=\"widget\" data-e-type=\"widget\" data-widget_type=\"spacer.default\">\n\t\t\t\t<div class=\"elementor-widget-container\">\n\t\t\t\t\t\t\t<div class=\"elementor-spacer\">\n\t\t\t<div class=\"elementor-spacer-inner\"><\/div>\n\t\t<\/div>\n\t\t\t\t\t\t<\/div>\n\t\t\t\t<\/div>\n\t\t\t\t\t<\/div>\n\t\t\t\t<\/div>\n\t\t\t\t<\/div>\n\t\t","protected":false},"excerpt":{"rendered":"<p>Pouze\u0107em Naru\u010dene artikle dobijate na ku\u0107nu adresu, a tro\u0161kove porud\u017ebine pla\u0107ate kuriru.<\/p>\n","protected":false},"author":2,"featured_media":0,"parent":0,"menu_order":0,"comment_status":"closed","ping_status":"closed","template":"","meta":{"_monsterinsights_skip_tracking":false,"_monsterinsights_sitenote_active":false,"_monsterinsights_sitenote_note":"","_monsterinsights_sitenote_category":0,"footnotes":""},"class_list":["post-56415","page","type-page","status-publish","hentry"],"aioseo_notices":[],"_links":{"self":[{"href":"https:\/\/perfektspa.com\/index.php\/wp-json\/wp\/v2\/pages\/56415","targetHints":{"allow":["GET"]}}],"collection":[{"href":"https:\/\/perfektspa.com\/index.php\/wp-json\/wp\/v2\/pages"}],"about":[{"href":"https:\/\/perfektspa.com\/index.php\/wp-json\/wp\/v2\/types\/page"}],"author":[{"embeddable":true,"href":"https:\/\/perfektspa.com\/index.php\/wp-json\/wp\/v2\/users\/2"}],"replies":[{"embeddable":true,"href":"https:\/\/perfektspa.com\/index.php\/wp-json\/wp\/v2\/comments?post=56415"}],"version-history":[{"count":7,"href":"https:\/\/perfektspa.com\/index.php\/wp-json\/wp\/v2\/pages\/56415\/revisions"}],"predecessor-version":[{"id":56689,"href":"https:\/\/perfektspa.com\/index.php\/wp-json\/wp\/v2\/pages\/56415\/revisions\/56689"}],"wp:attachment":[{"href":"https:\/\/perfektspa.com\/index.php\/wp-json\/wp\/v2\/media?parent=56415"}],"curies":[{"name":"wp","href":"https:\/\/api.w.org\/{rel}","templated":true}]}}