{"id":55673,"date":"2023-12-07T14:34:02","date_gmt":"2023-12-07T13:34:02","guid":{"rendered":"https:\/\/perfektspa.com\/?post_type=product&#038;p=55673"},"modified":"2026-04-01T20:51:17","modified_gmt":"2026-04-01T18:51:17","slug":"vanjski-hidromasazni-bazen-prime-r7032-za-5-osoba","status":"publish","type":"product","link":"https:\/\/perfektspa.com\/index.php\/product\/vanjski-hidromasazni-bazen-prime-r7032-za-5-osoba\/","title":{"rendered":"Vanjski hidromasa\u017eni bazen Prime R7032 za 5 osoba"},"content":{"rendered":"\t\t<div data-elementor-type=\"product-post\" data-elementor-id=\"55673\" class=\"elementor elementor-55673\" data-elementor-post-type=\"product\">\n\t\t\t\t\t\t<section class=\"elementor-section elementor-top-section elementor-element elementor-element-58b349c elementor-section-boxed elementor-section-height-default elementor-section-height-default\" data-id=\"58b349c\" data-element_type=\"section\" data-e-type=\"section\">\n\t\t\t\t\t\t<div class=\"elementor-container elementor-column-gap-no\">\n\t\t\t\t\t<div class=\"elementor-column elementor-col-100 elementor-top-column elementor-element elementor-element-bb9abaf\" data-id=\"bb9abaf\" data-element_type=\"column\" data-e-type=\"column\">\n\t\t\t<div class=\"elementor-widget-wrap elementor-element-populated\">\n\t\t\t\t\t\t<div class=\"elementor-element elementor-element-06f5c78 elementor-widget elementor-widget-the7-accordion\" data-id=\"06f5c78\" data-element_type=\"widget\" data-e-type=\"widget\" data-widget_type=\"the7-accordion.default\">\n\t\t\t\t<div class=\"elementor-widget-container\">\n\t\t\t\t\t\t\t<div class=\"elementor-accordion the7-adv-accordion animate-on-loading\" data-accordion-type=\"accordion\" role=\"tablist\">\n\t\t\t\t\t\t\t<div class=\"elementor-accordion-item\">\n\t\t\t\t\t<h4 id=\"elementor-tab-title-7291\" class=\"elementor-tab-title the7-accordion-header active-default\" data-tab=\"1\" role=\"tab\" aria-controls=\"elementor-tab-content-7291\">\n\n\t\t\t\t\t\t\t\t\t\t\t\t\t<span class=\"elementor-accordion-icon elementor-accordion-icon-left\" aria-hidden=\"true\">\n\t\t\t\t\t\t\t\t\t\t\t\t\t\t\t<span class=\"elementor-accordion-icon-closed\"><i class=\"fas fa-caret-down\"><\/i><\/span>\n\t\t\t\t\t\t\t\t\t\t\t\t\t\t\t\t\t<span class=\"elementor-accordion-icon-opened\"><i class=\"fas fa-caret-up\"><\/i><\/span>\n\t\t\t\t\t\t\t\t\t\t\t\t\t\t\t\t\t\t\t\t\t\t<\/span>\n\t\t\t\t\t\t\t\t\t\t\t\t\t\t\t\t\t\t<a class=\"elementor-accordion-title\" href=\"\">O proizvodu<\/a>\n\t\t\t\t\t<\/h4>\n\t\t\t\t\t<div id=\"elementor-tab-content-7291\" class=\"elementor-tab-content elementor-clearfix active-default\" data-tab=\"1\" role=\"tabpanel\" aria-labelledby=\"elementor-tab-title-7291\"><p style=\"text-align: justify;\">R7032 nudi prilagodljiva mjesta za sjedenje koja omogu\u0107avaju svakom korisniku da prona\u0111e savr\u0161enu udobnost. Bez obzira da li \u017eelite le\u017eati opu\u0161teno ili sjedeti, ovaj hidromasa\u017eni bazen pru\u017ea raznolikost pozicija. Specijalno dizajnirana sa sigurno\u0161\u0107u djece na umu, R7032 poseduje pli\u0107a sjedi\u0161ta koja omogu\u0107avaju mali\u0161anima da bezbjedno u\u017eivaju u blagodetima hidromasa\u017ee. Ovo je idealno re\u0161enje za porodice koje \u017eele zajedno deliti trenutke opu\u0161tanja. R7032 je dizajniran sa fokusom na jednostavno odr\u017eavanje. Automatizovani sistemi za filtraciju i hemijsku obradu vode \u010dine odr\u017eavanje ovog hidromasa\u017enog bazena jednostavnim i bezbjednim. Uz R7032, svaka osoba u va\u0161em domu mo\u017ee u\u017eivati u luksuzu i blagodetima hidromasa\u017ee, bilo da \u017eele relaksaciju ili zabavu. Ovaj hidromasa\u017eni bazen pru\u017ea sve \u0161to je potrebno za potpuno iskustvo opu\u0161tanja u udobnosti va\u0161eg doma.<\/p><\/div>\n\t\t\t\t<\/div>\n\t\t\t\t\t<\/div>\n\t\t\t\t\t\t<\/div>\n\t\t\t\t<\/div>\n\t\t\t\t<div class=\"elementor-element elementor-element-ef16b73 elementor-widget elementor-widget-the7-accordion\" data-id=\"ef16b73\" data-element_type=\"widget\" data-e-type=\"widget\" data-widget_type=\"the7-accordion.default\">\n\t\t\t\t<div class=\"elementor-widget-container\">\n\t\t\t\t\t\t\t<div class=\"elementor-accordion the7-adv-accordion ac_bb_active_title ac_left_right_borders\" data-accordion-type=\"accordion\" role=\"tablist\">\n\t\t\t\t\t\t\t<div class=\"elementor-accordion-item\">\n\t\t\t\t\t<h6 id=\"elementor-tab-title-2501\" class=\"elementor-tab-title the7-accordion-header deactive-default\" data-tab=\"1\" role=\"tab\" aria-controls=\"elementor-tab-content-2501\">\n\n\t\t\t\t\t\t\t\t\t\t\t\t\t<span class=\"elementor-accordion-icon elementor-accordion-icon-right\" aria-hidden=\"true\">\n\t\t\t\t\t\t\t\t\t\t\t\t\t\t\t<span class=\"elementor-accordion-icon-closed\"><i class=\"fas fa-caret-down\"><\/i><\/span>\n\t\t\t\t\t\t\t\t\t\t\t\t\t\t\t\t\t<span class=\"elementor-accordion-icon-opened\"><i class=\"fas fa-caret-up\"><\/i><\/span>\n\t\t\t\t\t\t\t\t\t\t\t\t\t\t\t\t\t\t\t\t\t\t<\/span>\n\t\t\t\t\t\t\t\t\t\t\t\t\t\t\t\t\t\t<a class=\"elementor-accordion-title\" href=\"\">Osnovni podaci<\/a>\n\t\t\t\t\t<\/h6>\n\t\t\t\t\t<div id=\"elementor-tab-content-2501\" class=\"elementor-tab-content elementor-clearfix deactive-default\" data-tab=\"1\" role=\"tabpanel\" aria-labelledby=\"elementor-tab-title-2501\"><ul style=\"list-style-type: circle;\"><li>Dimenzije (mm) &#8211; 2200x2200x880<\/li><li>Broj sjedi\u0161ta &#8211; 1 le\u017ee\u0107e i 4 sjede\u0107a<\/li><li>Volumen vode(litre) &#8211; 1600<\/li><li>Maksimalna te\u017eina(kg) &#8211; 380<\/li><li>Materijal kade &#8211; US ARISTECH Akril<\/li><li>Materijal rama &#8211; aluminijum<\/li><li>Led podvodno osvetljenje &#8211; da<\/li><li>Led osvetljenje kade &#8211; dodatna oprema<\/li><li>Broj jastuka &#8211; 3<\/li><li>Hidro mlaznice (ukupno) &#8211; 45<\/li><li>Vazdu\u0161ne mlaznice &#8211; dodatna oprema<\/li><li>Usis vode &#8211; 2 kom<\/li><li>Skimer sa filterom &#8211; 1 kom<\/li><li>Masa\u017ea stopala &#8211; da<\/li><li>Masa\u017ea ramena &#8211; da<\/li><li>Masa\u017ea vrata &#8211; da<\/li><li>Masa\u017ea nogu &#8211; da<\/li><\/ul><\/div>\n\t\t\t\t<\/div>\n\t\t\t\t\t\t\t<div class=\"elementor-accordion-item\">\n\t\t\t\t\t<h6 id=\"elementor-tab-title-2502\" class=\"elementor-tab-title the7-accordion-header\" data-tab=\"2\" role=\"tab\" aria-controls=\"elementor-tab-content-2502\">\n\n\t\t\t\t\t\t\t\t\t\t\t\t\t<span class=\"elementor-accordion-icon elementor-accordion-icon-right\" aria-hidden=\"true\">\n\t\t\t\t\t\t\t\t\t\t\t\t\t\t\t<span class=\"elementor-accordion-icon-closed\"><i class=\"fas fa-caret-down\"><\/i><\/span>\n\t\t\t\t\t\t\t\t\t\t\t\t\t\t\t\t\t<span class=\"elementor-accordion-icon-opened\"><i class=\"fas fa-caret-up\"><\/i><\/span>\n\t\t\t\t\t\t\t\t\t\t\t\t\t\t\t\t\t\t\t\t\t\t<\/span>\n\t\t\t\t\t\t\t\t\t\t\t\t\t\t\t\t\t\t<a class=\"elementor-accordion-title\" href=\"\">Tehni\u010dka specifikacija<\/a>\n\t\t\t\t\t<\/h6>\n\t\t\t\t\t<div id=\"elementor-tab-content-2502\" class=\"elementor-tab-content elementor-clearfix\" data-tab=\"2\" role=\"tabpanel\" aria-labelledby=\"elementor-tab-title-2502\"><ul style=\"list-style-type: circle;\"><li>Vodena pumpa masa\u017ea &#8211; 1 x 3Hp<\/li><li>Cirkulaciona pumpa &#8211; 1 x 0.5Hp<\/li><li>Vazdu\u0161na pumpa &#8211; dodatna oprema<\/li><li>Grija\u010d &#8211; 3000W<\/li><li>Ozonski generator &#8211; da<\/li><li>El. Priklju\u010dak &#8211; 220V<\/li><\/ul><\/div>\n\t\t\t\t<\/div>\n\t\t\t\t\t\t\t<div class=\"elementor-accordion-item\">\n\t\t\t\t\t<h6 id=\"elementor-tab-title-2503\" class=\"elementor-tab-title the7-accordion-header\" data-tab=\"3\" role=\"tab\" aria-controls=\"elementor-tab-content-2503\">\n\n\t\t\t\t\t\t\t\t\t\t\t\t\t<span class=\"elementor-accordion-icon elementor-accordion-icon-right\" aria-hidden=\"true\">\n\t\t\t\t\t\t\t\t\t\t\t\t\t\t\t<span class=\"elementor-accordion-icon-closed\"><i class=\"fas fa-caret-down\"><\/i><\/span>\n\t\t\t\t\t\t\t\t\t\t\t\t\t\t\t\t\t<span class=\"elementor-accordion-icon-opened\"><i class=\"fas fa-caret-up\"><\/i><\/span>\n\t\t\t\t\t\t\t\t\t\t\t\t\t\t\t\t\t\t\t\t\t\t<\/span>\n\t\t\t\t\t\t\t\t\t\t\t\t\t\t\t\t\t\t<a class=\"elementor-accordion-title\" href=\"\">Ostalo<\/a>\n\t\t\t\t\t<\/h6>\n\t\t\t\t\t<div id=\"elementor-tab-content-2503\" class=\"elementor-tab-content elementor-clearfix\" data-tab=\"3\" role=\"tabpanel\" aria-labelledby=\"elementor-tab-title-2503\"><ul style=\"list-style-type: circle;\"><li>Ta\u010d kontrolni panel &#8211; balboa TP500s<\/li><li>Sistem obavje\u0161tenja o gre\u0161kama &#8211; da<\/li><li>Sistem \u010di\u0161\u0107enje vode &#8211; da<\/li><li>Za\u0161tita od mr\u017enjenja &#8211; da<\/li><li>Senzor nedostatka vode &#8211; da<\/li><li>Bluetooth zvu\u010dnici &#8211; dodatna oprema<\/li><li>Termo prekriva\u010d &#8211; da<\/li><li>Stepenice &#8211; da<\/li><li>Upravljanje preko aplikacije &#8211; dodatna oprema<\/li><li>Podna obloga &#8211; da<\/li><li>Termo izolacija kade &#8211; poliuretan pjena<\/li><li>Termo izolacija bo\u010dnih panela &#8211; dodatna oprema<\/li><\/ul><\/div>\n\t\t\t\t<\/div>\n\t\t\t\t\t<\/div>\n\t\t\t\t\t\t<\/div>\n\t\t\t\t<\/div>\n\t\t\t\t\t<\/div>\n\t\t<\/div>\n\t\t\t\t\t<\/div>\n\t\t<\/section>\n\t\t\t\t<\/div>\n\t\t","protected":false},"excerpt":{"rendered":"<p>O proizvodu R7032 nudi prilagodljiva mjesta za sjedenje koja omogu\u0107avaju svakom korisniku da prona\u0111e savr\u0161enu udobnost. Bez obzira da li \u017eelite le\u017eati opu\u0161teno ili sjedeti, ovaj hidromasa\u017eni bazen pru\u017ea raznolikost pozicija. Specijalno dizajnirana sa sigurno\u0161\u0107u djece na umu, R7032 poseduje pli\u0107a sjedi\u0161ta koja omogu\u0107avaju mali\u0161anima da bezbjedno u\u017eivaju u blagodetima hidromasa\u017ee. Ovo je idealno re\u0161enje&hellip;<\/p>\n","protected":false},"featured_media":57514,"template":"","meta":{"_monsterinsights_skip_tracking":false,"_monsterinsights_sitenote_active":false,"_monsterinsights_sitenote_note":"","_monsterinsights_sitenote_category":0},"product_brand":[],"product_cat":[334,347],"product_tag":[333],"class_list":{"0":"post-55673","1":"product","2":"type-product","3":"status-publish","4":"has-post-thumbnail","6":"product_cat-hidromasazni-bazeni","7":"product_cat-prime","8":"product_tag-outdoor-spa-pool","10":"first","11":"instock","12":"shipping-taxable","13":"product-type-simple"},"aioseo_notices":[],"_links":{"self":[{"href":"https:\/\/perfektspa.com\/index.php\/wp-json\/wp\/v2\/product\/55673","targetHints":{"allow":["GET"]}}],"collection":[{"href":"https:\/\/perfektspa.com\/index.php\/wp-json\/wp\/v2\/product"}],"about":[{"href":"https:\/\/perfektspa.com\/index.php\/wp-json\/wp\/v2\/types\/product"}],"version-history":[{"count":21,"href":"https:\/\/perfektspa.com\/index.php\/wp-json\/wp\/v2\/product\/55673\/revisions"}],"predecessor-version":[{"id":57606,"href":"https:\/\/perfektspa.com\/index.php\/wp-json\/wp\/v2\/product\/55673\/revisions\/57606"}],"wp:featuredmedia":[{"embeddable":true,"href":"https:\/\/perfektspa.com\/index.php\/wp-json\/wp\/v2\/media\/57514"}],"wp:attachment":[{"href":"https:\/\/perfektspa.com\/index.php\/wp-json\/wp\/v2\/media?parent=55673"}],"wp:term":[{"taxonomy":"product_brand","embeddable":true,"href":"https:\/\/perfektspa.com\/index.php\/wp-json\/wp\/v2\/product_brand?post=55673"},{"taxonomy":"product_cat","embeddable":true,"href":"https:\/\/perfektspa.com\/index.php\/wp-json\/wp\/v2\/product_cat?post=55673"},{"taxonomy":"product_tag","embeddable":true,"href":"https:\/\/perfektspa.com\/index.php\/wp-json\/wp\/v2\/product_tag?post=55673"}],"curies":[{"name":"wp","href":"https:\/\/api.w.org\/{rel}","templated":true}]}}