{"id":55720,"date":"2023-12-07T15:10:49","date_gmt":"2023-12-07T14:10:49","guid":{"rendered":"https:\/\/perfektspa.com\/?post_type=product&#038;p=55720"},"modified":"2025-06-09T12:08:12","modified_gmt":"2025-06-09T10:08:12","slug":"vanjski-hidromasazni-bazen-za-plivanje-r6803","status":"publish","type":"product","link":"https:\/\/perfektspa.com\/index.php\/product\/vanjski-hidromasazni-bazen-za-plivanje-r6803\/","title":{"rendered":"Vanjski hidromasa\u017eni bazen za plivanje R6803"},"content":{"rendered":"\t\t<div data-elementor-type=\"product-post\" data-elementor-id=\"55720\" class=\"elementor elementor-55720\" data-elementor-post-type=\"product\">\n\t\t\t\t\t\t<section class=\"elementor-section elementor-top-section elementor-element elementor-element-58b349c elementor-section-boxed elementor-section-height-default elementor-section-height-default\" data-id=\"58b349c\" data-element_type=\"section\" data-e-type=\"section\">\n\t\t\t\t\t\t<div class=\"elementor-container elementor-column-gap-no\">\n\t\t\t\t\t<div class=\"elementor-column elementor-col-100 elementor-top-column elementor-element elementor-element-bb9abaf\" data-id=\"bb9abaf\" data-element_type=\"column\" data-e-type=\"column\">\n\t\t\t<div class=\"elementor-widget-wrap elementor-element-populated\">\n\t\t\t\t\t\t<div class=\"elementor-element elementor-element-06f5c78 elementor-widget elementor-widget-the7-accordion\" data-id=\"06f5c78\" data-element_type=\"widget\" data-e-type=\"widget\" data-widget_type=\"the7-accordion.default\">\n\t\t\t\t<div class=\"elementor-widget-container\">\n\t\t\t\t\t\t\t<div class=\"elementor-accordion the7-adv-accordion animate-on-loading\" data-accordion-type=\"accordion\" role=\"tablist\">\n\t\t\t\t\t\t\t<div class=\"elementor-accordion-item\">\n\t\t\t\t\t<h4 id=\"elementor-tab-title-7291\" class=\"elementor-tab-title the7-accordion-header active-default\" data-tab=\"1\" role=\"tab\" aria-controls=\"elementor-tab-content-7291\">\n\n\t\t\t\t\t\t\t\t\t\t\t\t\t<span class=\"elementor-accordion-icon elementor-accordion-icon-left\" aria-hidden=\"true\">\n\t\t\t\t\t\t\t\t\t\t\t\t\t\t\t<span class=\"elementor-accordion-icon-closed\"><i class=\"fas fa-caret-down\"><\/i><\/span>\n\t\t\t\t\t\t\t\t\t\t\t\t\t\t\t\t\t<span class=\"elementor-accordion-icon-opened\"><i class=\"fas fa-caret-up\"><\/i><\/span>\n\t\t\t\t\t\t\t\t\t\t\t\t\t\t\t\t\t\t\t\t\t\t<\/span>\n\t\t\t\t\t\t\t\t\t\t\t\t\t\t\t\t\t\t<a class=\"elementor-accordion-title\" href=\"\">O proizvodu<\/a>\n\t\t\t\t\t<\/h4>\n\t\t\t\t\t<div id=\"elementor-tab-content-7291\" class=\"elementor-tab-content elementor-clearfix active-default\" data-tab=\"1\" role=\"tabpanel\" aria-labelledby=\"elementor-tab-title-7291\"><p style=\"text-align: justify;\">Ovaj revolucionarni model bazena, R6803, predstavlja savr\u0161en spoj elegantnog dizajna i funkcionalnosti. Sa svojim otvorenim rasporedom prostora, omogu\u0107ava slobodno kretanje i pristup svim dijelovima bazena, \u010dine\u0107i plivanje jo\u0161 prijatnijim iskustvom.<\/p><p style=\"text-align: justify;\">Vodeni sistem mlaznica za plivanje dodatno pobolj\u0161ava va\u0161e pliva\u010dko iskustvo, pru\u017eaju\u0107i intenzivan trening bez nepotrebnog optere\u0107enja na zglobovima. Ova inovativna tehnologija omogu\u0107ava vam da prilagodite intenzitet vode prema va\u0161im li\u010dnim potrebama i ciljevima. Sa udobnim mjestima za posmatranje i jasno obilje\u017eenim stazama za plivanje, ZR6803 postaje idealno mjesto za porodi\u010dnu rekreaciju i trening. Bilo da ste iskusni pliva\u010d ili tek po\u010dinjete svoj fitnes put, ovaj bazen pru\u017ea podr\u0161ku za sve nivoe vje\u0161tine. Osim \u0161to je prostor za vje\u017ebanje, R6803 je dizajniran kao prostor za opu\u0161tanje i u\u017eivanje. Dodatne funkcije poput hidromasa\u017enih mlaznica i sofisticiranog osvetljenja stvaraju ambijent koji podr\u017eava va\u0161e blagostanje i relaksaciju.<\/p><\/div>\n\t\t\t\t<\/div>\n\t\t\t\t\t<\/div>\n\t\t\t\t\t\t<\/div>\n\t\t\t\t<\/div>\n\t\t\t\t<div class=\"elementor-element elementor-element-ef16b73 elementor-widget elementor-widget-the7-accordion\" data-id=\"ef16b73\" data-element_type=\"widget\" data-e-type=\"widget\" data-widget_type=\"the7-accordion.default\">\n\t\t\t\t<div class=\"elementor-widget-container\">\n\t\t\t\t\t\t\t<div class=\"elementor-accordion the7-adv-accordion ac_bb_active_title ac_left_right_borders\" data-accordion-type=\"accordion\" role=\"tablist\">\n\t\t\t\t\t\t\t<div class=\"elementor-accordion-item\">\n\t\t\t\t\t<h6 id=\"elementor-tab-title-2501\" class=\"elementor-tab-title the7-accordion-header deactive-default\" data-tab=\"1\" role=\"tab\" aria-controls=\"elementor-tab-content-2501\">\n\n\t\t\t\t\t\t\t\t\t\t\t\t\t<span class=\"elementor-accordion-icon elementor-accordion-icon-right\" aria-hidden=\"true\">\n\t\t\t\t\t\t\t\t\t\t\t\t\t\t\t<span class=\"elementor-accordion-icon-closed\"><i class=\"fas fa-caret-down\"><\/i><\/span>\n\t\t\t\t\t\t\t\t\t\t\t\t\t\t\t\t\t<span class=\"elementor-accordion-icon-opened\"><i class=\"fas fa-caret-up\"><\/i><\/span>\n\t\t\t\t\t\t\t\t\t\t\t\t\t\t\t\t\t\t\t\t\t\t<\/span>\n\t\t\t\t\t\t\t\t\t\t\t\t\t\t\t\t\t\t<a class=\"elementor-accordion-title\" href=\"\">Osnovni podaci<\/a>\n\t\t\t\t\t<\/h6>\n\t\t\t\t\t<div id=\"elementor-tab-content-2501\" class=\"elementor-tab-content elementor-clearfix deactive-default\" data-tab=\"1\" role=\"tabpanel\" aria-labelledby=\"elementor-tab-title-2501\"><ul style=\"list-style-type: circle;\"><li>Dimenzije (mm) &#8211; 5800x2280x1620<\/li><li>Broj sjedi\u0161ta &#8211; 3 sjede\u0107a<\/li><li>Volumen vode(litre) &#8211; 8300<\/li><li>Maksimalna te\u017eina(kg) &#8211; 1860<\/li><li>Materijal kade &#8211; US ARISTECH Akril<\/li><li>Materijal rama &#8211; pocinkovani \u010delik<\/li><li>Led podvodno osvetljenje &#8211; da<\/li><li>Led osvetljenje kade &#8211; dodatna oprema<\/li><li>Broj jastuka &#8211; 2<\/li><li>Hidro mlaznice (ukupno) &#8211; 45<\/li><li>Vazdu\u0161ne mlaznice &#8211; dodatna oprema<\/li><li>Usis vode &#8211; 6 kom<\/li><li>Skimer sa filterom &#8211; 2 kom<\/li><li>Masa\u017ea stopala &#8211; da<\/li><li>Masa\u017ea ramena &#8211; da<\/li><li>Masa\u017ea vrata &#8211; da<\/li><li>Masa\u017ea nogu &#8211; da<\/li><\/ul><\/div>\n\t\t\t\t<\/div>\n\t\t\t\t\t\t\t<div class=\"elementor-accordion-item\">\n\t\t\t\t\t<h6 id=\"elementor-tab-title-2502\" class=\"elementor-tab-title the7-accordion-header\" data-tab=\"2\" role=\"tab\" aria-controls=\"elementor-tab-content-2502\">\n\n\t\t\t\t\t\t\t\t\t\t\t\t\t<span class=\"elementor-accordion-icon elementor-accordion-icon-right\" aria-hidden=\"true\">\n\t\t\t\t\t\t\t\t\t\t\t\t\t\t\t<span class=\"elementor-accordion-icon-closed\"><i class=\"fas fa-caret-down\"><\/i><\/span>\n\t\t\t\t\t\t\t\t\t\t\t\t\t\t\t\t\t<span class=\"elementor-accordion-icon-opened\"><i class=\"fas fa-caret-up\"><\/i><\/span>\n\t\t\t\t\t\t\t\t\t\t\t\t\t\t\t\t\t\t\t\t\t\t<\/span>\n\t\t\t\t\t\t\t\t\t\t\t\t\t\t\t\t\t\t<a class=\"elementor-accordion-title\" href=\"\">Tehni\u010dka specifikacija<\/a>\n\t\t\t\t\t<\/h6>\n\t\t\t\t\t<div id=\"elementor-tab-content-2502\" class=\"elementor-tab-content elementor-clearfix\" data-tab=\"2\" role=\"tabpanel\" aria-labelledby=\"elementor-tab-title-2502\"><ul style=\"list-style-type: circle;\"><li>Vodena pumpa masa\u017ea &#8211; 3 x 3Hp<\/li><li>Cirkulaciona pumpa &#8211; 1 x 0.5Hp<\/li><li>Vazdu\u0161na pumpa &#8211; dodatna oprema<\/li><li>Grija\u010d &#8211; 3000W<\/li><li>Ozonski generator &#8211; da<\/li><li>El. Priklju\u010dak &#8211; 220V<\/li><\/ul><\/div>\n\t\t\t\t<\/div>\n\t\t\t\t\t\t\t<div class=\"elementor-accordion-item\">\n\t\t\t\t\t<h6 id=\"elementor-tab-title-2503\" class=\"elementor-tab-title the7-accordion-header\" data-tab=\"3\" role=\"tab\" aria-controls=\"elementor-tab-content-2503\">\n\n\t\t\t\t\t\t\t\t\t\t\t\t\t<span class=\"elementor-accordion-icon elementor-accordion-icon-right\" aria-hidden=\"true\">\n\t\t\t\t\t\t\t\t\t\t\t\t\t\t\t<span class=\"elementor-accordion-icon-closed\"><i class=\"fas fa-caret-down\"><\/i><\/span>\n\t\t\t\t\t\t\t\t\t\t\t\t\t\t\t\t\t<span class=\"elementor-accordion-icon-opened\"><i class=\"fas fa-caret-up\"><\/i><\/span>\n\t\t\t\t\t\t\t\t\t\t\t\t\t\t\t\t\t\t\t\t\t\t<\/span>\n\t\t\t\t\t\t\t\t\t\t\t\t\t\t\t\t\t\t<a class=\"elementor-accordion-title\" href=\"\">Ostalo<\/a>\n\t\t\t\t\t<\/h6>\n\t\t\t\t\t<div id=\"elementor-tab-content-2503\" class=\"elementor-tab-content elementor-clearfix\" data-tab=\"3\" role=\"tabpanel\" aria-labelledby=\"elementor-tab-title-2503\"><ul style=\"list-style-type: circle;\"><li>Ta\u010d kontrolni panel &#8211; balboa TP600<\/li><li>Sistem obavje\u0161tenja o gre\u0161kama &#8211; da<\/li><li>Sistem \u010di\u0161\u0107enje vode &#8211; da<\/li><li>Za\u0161tita od mr\u017enjenja &#8211; da<\/li><li>Senzor nedostatka vode &#8211; da<\/li><li>Bluetooth zvu\u010dnici &#8211; dodatna oprema<\/li><li>Termo prekriva\u010d &#8211; da<\/li><li>Stepenice &#8211; da<\/li><li>Upravljanje preko aplikacije &#8211; dodatna oprema<\/li><li>Podna obloga &#8211; da<\/li><li>Termo izolacija kade &#8211; poliuretan pjena<\/li><li>Termo izolacija bo\u010dnih panela &#8211; dodatna oprema<\/li><\/ul><\/div>\n\t\t\t\t<\/div>\n\t\t\t\t\t<\/div>\n\t\t\t\t\t\t<\/div>\n\t\t\t\t<\/div>\n\t\t\t\t\t<\/div>\n\t\t<\/div>\n\t\t\t\t\t<\/div>\n\t\t<\/section>\n\t\t\t\t<\/div>\n\t\t","protected":false},"excerpt":{"rendered":"<p>O proizvodu Ovaj revolucionarni model bazena, R6803, predstavlja savr\u0161en spoj elegantnog dizajna i funkcionalnosti. Sa svojim otvorenim rasporedom prostora, omogu\u0107ava slobodno kretanje i pristup svim dijelovima bazena, \u010dine\u0107i plivanje jo\u0161 prijatnijim iskustvom. Vodeni sistem mlaznica za plivanje dodatno pobolj\u0161ava va\u0161e pliva\u010dko iskustvo, pru\u017eaju\u0107i intenzivan trening bez nepotrebnog optere\u0107enja na zglobovima. Ova inovativna tehnologija omogu\u0107ava vam&hellip;<\/p>\n","protected":false},"featured_media":55721,"template":"","meta":{"_monsterinsights_skip_tracking":false,"_monsterinsights_sitenote_active":false,"_monsterinsights_sitenote_note":"","_monsterinsights_sitenote_category":0},"product_brand":[],"product_cat":[338],"product_tag":[333],"class_list":{"0":"post-55720","1":"product","2":"type-product","3":"status-publish","4":"has-post-thumbnail","6":"product_cat-hidromasazni-bazeni-za-plivanje","7":"product_tag-outdoor-spa-pool","9":"first","10":"instock","11":"shipping-taxable","12":"product-type-simple"},"aioseo_notices":[],"_links":{"self":[{"href":"https:\/\/perfektspa.com\/index.php\/wp-json\/wp\/v2\/product\/55720","targetHints":{"allow":["GET"]}}],"collection":[{"href":"https:\/\/perfektspa.com\/index.php\/wp-json\/wp\/v2\/product"}],"about":[{"href":"https:\/\/perfektspa.com\/index.php\/wp-json\/wp\/v2\/types\/product"}],"version-history":[{"count":14,"href":"https:\/\/perfektspa.com\/index.php\/wp-json\/wp\/v2\/product\/55720\/revisions"}],"predecessor-version":[{"id":57077,"href":"https:\/\/perfektspa.com\/index.php\/wp-json\/wp\/v2\/product\/55720\/revisions\/57077"}],"wp:featuredmedia":[{"embeddable":true,"href":"https:\/\/perfektspa.com\/index.php\/wp-json\/wp\/v2\/media\/55721"}],"wp:attachment":[{"href":"https:\/\/perfektspa.com\/index.php\/wp-json\/wp\/v2\/media?parent=55720"}],"wp:term":[{"taxonomy":"product_brand","embeddable":true,"href":"https:\/\/perfektspa.com\/index.php\/wp-json\/wp\/v2\/product_brand?post=55720"},{"taxonomy":"product_cat","embeddable":true,"href":"https:\/\/perfektspa.com\/index.php\/wp-json\/wp\/v2\/product_cat?post=55720"},{"taxonomy":"product_tag","embeddable":true,"href":"https:\/\/perfektspa.com\/index.php\/wp-json\/wp\/v2\/product_tag?post=55720"}],"curies":[{"name":"wp","href":"https:\/\/api.w.org\/{rel}","templated":true}]}}