{"id":56888,"date":"2024-03-18T12:49:32","date_gmt":"2024-03-18T11:49:32","guid":{"rendered":"https:\/\/perfektspa.com\/?post_type=product&#038;p=56888"},"modified":"2026-04-01T21:16:56","modified_gmt":"2026-04-01T19:16:56","slug":"hidromasazna-kada-wb-2a35","status":"publish","type":"product","link":"https:\/\/perfektspa.com\/index.php\/product\/hidromasazna-kada-wb-2a35\/","title":{"rendered":"Hidromasa\u017ena kada WB-2A35"},"content":{"rendered":"\t\t<div data-elementor-type=\"product-post\" data-elementor-id=\"56888\" class=\"elementor elementor-56888\" data-elementor-post-type=\"product\">\n\t\t\t\t\t\t<section class=\"elementor-section elementor-top-section elementor-element elementor-element-58b349c elementor-section-boxed elementor-section-height-default elementor-section-height-default\" data-id=\"58b349c\" data-element_type=\"section\" data-e-type=\"section\">\n\t\t\t\t\t\t<div class=\"elementor-container elementor-column-gap-no\">\n\t\t\t\t\t<div class=\"elementor-column elementor-col-100 elementor-top-column elementor-element elementor-element-bb9abaf\" data-id=\"bb9abaf\" data-element_type=\"column\" data-e-type=\"column\">\n\t\t\t<div class=\"elementor-widget-wrap elementor-element-populated\">\n\t\t\t\t\t\t<div class=\"elementor-element elementor-element-06f5c78 elementor-widget elementor-widget-the7-accordion\" data-id=\"06f5c78\" data-element_type=\"widget\" data-e-type=\"widget\" data-widget_type=\"the7-accordion.default\">\n\t\t\t\t<div class=\"elementor-widget-container\">\n\t\t\t\t\t\t\t<div class=\"elementor-accordion the7-adv-accordion animate-on-loading\" data-accordion-type=\"accordion\" role=\"tablist\">\n\t\t\t\t\t\t\t<div class=\"elementor-accordion-item\">\n\t\t\t\t\t<h4 id=\"elementor-tab-title-7291\" class=\"elementor-tab-title the7-accordion-header active-default\" data-tab=\"1\" role=\"tab\" aria-controls=\"elementor-tab-content-7291\">\n\n\t\t\t\t\t\t\t\t\t\t\t\t\t<span class=\"elementor-accordion-icon elementor-accordion-icon-left\" aria-hidden=\"true\">\n\t\t\t\t\t\t\t\t\t\t\t\t\t\t\t<span class=\"elementor-accordion-icon-closed\"><i class=\"fas fa-caret-down\"><\/i><\/span>\n\t\t\t\t\t\t\t\t\t\t\t\t\t\t\t\t\t<span class=\"elementor-accordion-icon-opened\"><i class=\"fas fa-caret-up\"><\/i><\/span>\n\t\t\t\t\t\t\t\t\t\t\t\t\t\t\t\t\t\t\t\t\t\t<\/span>\n\t\t\t\t\t\t\t\t\t\t\t\t\t\t\t\t\t\t<a class=\"elementor-accordion-title\" href=\"\">O proizvodu<\/a>\n\t\t\t\t\t<\/h4>\n\t\t\t\t\t<div id=\"elementor-tab-content-7291\" class=\"elementor-tab-content elementor-clearfix active-default\" data-tab=\"1\" role=\"tabpanel\" aria-labelledby=\"elementor-tab-title-7291\"><p style=\"text-align: justify;\" data-start=\"507\" data-end=\"755\">U\u017eivajte u vrhunskom wellness iskustvu uz hidromasa\u017enu kadu WB-2A35, dizajniranu za maksimalnu udobnost i opu\u0161tanje. Ovaj moderni jacuzzi pru\u017ea savr\u0161enu kombinaciju funkcionalnosti i elegantnog dizajna, idealan za ku\u0107nu upotrebu ili spa centre.<\/p><p style=\"text-align: justify;\" data-start=\"757\" data-end=\"966\">Hidromasa\u017ena kada WB-2A35 izra\u0111ena je od kvalitetnih materijala koji osiguravaju dugotrajnost i pouzdan rad. Zahvaljuju\u0107i naprednom sistemu masa\u017ee, omogu\u0107ava potpuno opu\u0161tanje tijela i uma nakon napornog dana.<\/p><p style=\"text-align: justify;\" data-start=\"968\" data-end=\"1127\">Prodaja hidromasa\u017enih kada vrhunskog kvaliteta \u2013 PerfektSpa. Kontaktirajte nas za vi\u0161e informacija o modelu WB-2A35 i osigurajte sebi vrhunski wellness u\u017eitak.<\/p><p style=\"text-align: justify;\" data-start=\"1129\" data-end=\"1143\"><a href=\"https:\/\/perfektspa.com\/index.php\/kontakt\/\">E-MAIL kontakt<\/a><\/p><\/div>\n\t\t\t\t<\/div>\n\t\t\t\t\t\t\t<div class=\"elementor-accordion-item\">\n\t\t\t\t\t<h4 id=\"elementor-tab-title-7292\" class=\"elementor-tab-title the7-accordion-header\" data-tab=\"2\" role=\"tab\" aria-controls=\"elementor-tab-content-7292\">\n\n\t\t\t\t\t\t\t\t\t\t\t\t\t<span class=\"elementor-accordion-icon elementor-accordion-icon-left\" aria-hidden=\"true\">\n\t\t\t\t\t\t\t\t\t\t\t\t\t\t\t<span class=\"elementor-accordion-icon-closed\"><i class=\"fas fa-caret-down\"><\/i><\/span>\n\t\t\t\t\t\t\t\t\t\t\t\t\t\t\t\t\t<span class=\"elementor-accordion-icon-opened\"><i class=\"fas fa-caret-up\"><\/i><\/span>\n\t\t\t\t\t\t\t\t\t\t\t\t\t\t\t\t\t\t\t\t\t\t<\/span>\n\t\t\t\t\t\t\t\t\t\t\t\t\t\t\t\t\t\t<a class=\"elementor-accordion-title\" href=\"\">Dimenzije (mm)<\/a>\n\t\t\t\t\t<\/h4>\n\t\t\t\t\t<div id=\"elementor-tab-content-7292\" class=\"elementor-tab-content elementor-clearfix\" data-tab=\"2\" role=\"tabpanel\" aria-labelledby=\"elementor-tab-title-7292\"><p>\u00a01600x780x720<\/p><\/div>\n\t\t\t\t<\/div>\n\t\t\t\t\t<\/div>\n\t\t\t\t\t\t<\/div>\n\t\t\t\t<\/div>\n\t\t\t\t\t<\/div>\n\t\t<\/div>\n\t\t\t\t\t<\/div>\n\t\t<\/section>\n\t\t\t\t<\/div>\n\t\t","protected":false},"excerpt":{"rendered":"<p>O proizvodu U\u017eivajte u vrhunskom wellness iskustvu uz hidromasa\u017enu kadu WB-2A35, dizajniranu za maksimalnu udobnost i opu\u0161tanje. Ovaj moderni jacuzzi pru\u017ea savr\u0161enu kombinaciju funkcionalnosti i elegantnog dizajna, idealan za ku\u0107nu upotrebu ili spa centre. Hidromasa\u017ena kada WB-2A35 izra\u0111ena je od kvalitetnih materijala koji osiguravaju dugotrajnost i pouzdan rad. Zahvaljuju\u0107i naprednom sistemu masa\u017ee, omogu\u0107ava potpuno opu\u0161tanje&hellip;<\/p>\n","protected":false},"featured_media":56889,"template":"","meta":{"_monsterinsights_skip_tracking":false,"_monsterinsights_sitenote_active":false,"_monsterinsights_sitenote_note":"","_monsterinsights_sitenote_category":0},"product_brand":[],"product_cat":[349],"product_tag":[333],"class_list":{"0":"post-56888","1":"product","2":"type-product","3":"status-publish","4":"has-post-thumbnail","6":"product_cat-hidromasazne-kade","7":"product_tag-outdoor-spa-pool","9":"first","10":"instock","11":"shipping-taxable","12":"product-type-simple"},"aioseo_notices":[],"_links":{"self":[{"href":"https:\/\/perfektspa.com\/index.php\/wp-json\/wp\/v2\/product\/56888","targetHints":{"allow":["GET"]}}],"collection":[{"href":"https:\/\/perfektspa.com\/index.php\/wp-json\/wp\/v2\/product"}],"about":[{"href":"https:\/\/perfektspa.com\/index.php\/wp-json\/wp\/v2\/types\/product"}],"version-history":[{"count":12,"href":"https:\/\/perfektspa.com\/index.php\/wp-json\/wp\/v2\/product\/56888\/revisions"}],"predecessor-version":[{"id":57626,"href":"https:\/\/perfektspa.com\/index.php\/wp-json\/wp\/v2\/product\/56888\/revisions\/57626"}],"wp:featuredmedia":[{"embeddable":true,"href":"https:\/\/perfektspa.com\/index.php\/wp-json\/wp\/v2\/media\/56889"}],"wp:attachment":[{"href":"https:\/\/perfektspa.com\/index.php\/wp-json\/wp\/v2\/media?parent=56888"}],"wp:term":[{"taxonomy":"product_brand","embeddable":true,"href":"https:\/\/perfektspa.com\/index.php\/wp-json\/wp\/v2\/product_brand?post=56888"},{"taxonomy":"product_cat","embeddable":true,"href":"https:\/\/perfektspa.com\/index.php\/wp-json\/wp\/v2\/product_cat?post=56888"},{"taxonomy":"product_tag","embeddable":true,"href":"https:\/\/perfektspa.com\/index.php\/wp-json\/wp\/v2\/product_tag?post=56888"}],"curies":[{"name":"wp","href":"https:\/\/api.w.org\/{rel}","templated":true}]}}