{"id":56894,"date":"2024-03-18T12:52:45","date_gmt":"2024-03-18T11:52:45","guid":{"rendered":"https:\/\/perfektspa.com\/?post_type=product&#038;p=56894"},"modified":"2026-04-01T21:54:36","modified_gmt":"2026-04-01T19:54:36","slug":"hidromasazna-kada-wb-8021","status":"publish","type":"product","link":"https:\/\/perfektspa.com\/index.php\/product\/hidromasazna-kada-wb-8021\/","title":{"rendered":"Hidromasa\u017ena kada WB-8021"},"content":{"rendered":"\t\t<div data-elementor-type=\"product-post\" data-elementor-id=\"56894\" class=\"elementor elementor-56894\" data-elementor-post-type=\"product\">\n\t\t\t\t\t\t<section class=\"elementor-section elementor-top-section elementor-element elementor-element-58b349c elementor-section-boxed elementor-section-height-default elementor-section-height-default\" data-id=\"58b349c\" data-element_type=\"section\" data-e-type=\"section\">\n\t\t\t\t\t\t<div class=\"elementor-container elementor-column-gap-no\">\n\t\t\t\t\t<div class=\"elementor-column elementor-col-100 elementor-top-column elementor-element elementor-element-bb9abaf\" data-id=\"bb9abaf\" data-element_type=\"column\" data-e-type=\"column\">\n\t\t\t<div class=\"elementor-widget-wrap elementor-element-populated\">\n\t\t\t\t\t\t<div class=\"elementor-element elementor-element-6b6832f elementor-widget elementor-widget-the7-accordion\" data-id=\"6b6832f\" data-element_type=\"widget\" data-e-type=\"widget\" data-widget_type=\"the7-accordion.default\">\n\t\t\t\t<div class=\"elementor-widget-container\">\n\t\t\t\t\t\t\t<div class=\"elementor-accordion the7-adv-accordion animate-on-loading\" data-accordion-type=\"accordion\" role=\"tablist\">\n\t\t\t\t\t\t\t<div class=\"elementor-accordion-item\">\n\t\t\t\t\t<h4 id=\"elementor-tab-title-1121\" class=\"elementor-tab-title the7-accordion-header active-default\" data-tab=\"1\" role=\"tab\" aria-controls=\"elementor-tab-content-1121\">\n\n\t\t\t\t\t\t\t\t\t\t\t\t\t<span class=\"elementor-accordion-icon elementor-accordion-icon-left\" aria-hidden=\"true\">\n\t\t\t\t\t\t\t\t\t\t\t\t\t\t\t<span class=\"elementor-accordion-icon-closed\"><i class=\"fas fa-caret-down\"><\/i><\/span>\n\t\t\t\t\t\t\t\t\t\t\t\t\t\t\t\t\t<span class=\"elementor-accordion-icon-opened\"><i class=\"fas fa-caret-up\"><\/i><\/span>\n\t\t\t\t\t\t\t\t\t\t\t\t\t\t\t\t\t\t\t\t\t\t<\/span>\n\t\t\t\t\t\t\t\t\t\t\t\t\t\t\t\t\t\t<a class=\"elementor-accordion-title\" href=\"\">O proizvodu<\/a>\n\t\t\t\t\t<\/h4>\n\t\t\t\t\t<div id=\"elementor-tab-content-1121\" class=\"elementor-tab-content elementor-clearfix active-default\" data-tab=\"1\" role=\"tabpanel\" aria-labelledby=\"elementor-tab-title-1121\"><p style=\"text-align: justify;\">U\u017eivajte u vrhunskom wellness iskustvu uz na\u0161u Hidromasa\u017enu kadu WB-8021. Ovaj luksuzni djakuzi (jacuzzi) nudi savr\u0161en spoj dizajna i funkcionalnosti, idealan za va\u0161 dom ili spa centar.<\/p><p style=\"text-align: justify;\">Prodaja hidromasa\u017enih kada vrhunskog kvaliteta \u2013 PerfektSpa. Osigurajte sebi vrhunski wellness u\u017eitak i kontaktirajte nas za vi\u0161e informacija o modelu WB-8021.<\/p><p style=\"text-align: justify;\">Zainteresovani ste za model WB-8021? <a href=\"https:\/\/perfektspa.com\/index.php\/product\/hidromasazna-kada-wb-8021\/\"><strong data-start=\"182\" data-end=\"200\">Po\u0161aljite upit<\/strong><\/a> putem na\u0161e kontakt stranice i na\u0161 tim \u0107e vam brzo odgovoriti.<\/p><\/div>\n\t\t\t\t<\/div>\n\t\t\t\t\t\t\t<div class=\"elementor-accordion-item\">\n\t\t\t\t\t<h4 id=\"elementor-tab-title-1122\" class=\"elementor-tab-title the7-accordion-header\" data-tab=\"2\" role=\"tab\" aria-controls=\"elementor-tab-content-1122\">\n\n\t\t\t\t\t\t\t\t\t\t\t\t\t<span class=\"elementor-accordion-icon elementor-accordion-icon-left\" aria-hidden=\"true\">\n\t\t\t\t\t\t\t\t\t\t\t\t\t\t\t<span class=\"elementor-accordion-icon-closed\"><i class=\"fas fa-caret-down\"><\/i><\/span>\n\t\t\t\t\t\t\t\t\t\t\t\t\t\t\t\t\t<span class=\"elementor-accordion-icon-opened\"><i class=\"fas fa-caret-up\"><\/i><\/span>\n\t\t\t\t\t\t\t\t\t\t\t\t\t\t\t\t\t\t\t\t\t\t<\/span>\n\t\t\t\t\t\t\t\t\t\t\t\t\t\t\t\t\t\t<a class=\"elementor-accordion-title\" href=\"\">Dimenzije (mm)<\/a>\n\t\t\t\t\t<\/h4>\n\t\t\t\t\t<div id=\"elementor-tab-content-1122\" class=\"elementor-tab-content elementor-clearfix\" data-tab=\"2\" role=\"tabpanel\" aria-labelledby=\"elementor-tab-title-1122\"><p>1700x800x940<\/p><\/div>\n\t\t\t\t<\/div>\n\t\t\t\t\t\t\t<div class=\"elementor-accordion-item\">\n\t\t\t\t\t<h4 id=\"elementor-tab-title-1123\" class=\"elementor-tab-title the7-accordion-header\" data-tab=\"3\" role=\"tab\" aria-controls=\"elementor-tab-content-1123\">\n\n\t\t\t\t\t\t\t\t\t\t\t\t\t<span class=\"elementor-accordion-icon elementor-accordion-icon-left\" aria-hidden=\"true\">\n\t\t\t\t\t\t\t\t\t\t\t\t\t\t\t<span class=\"elementor-accordion-icon-closed\"><i class=\"fas fa-caret-down\"><\/i><\/span>\n\t\t\t\t\t\t\t\t\t\t\t\t\t\t\t\t\t<span class=\"elementor-accordion-icon-opened\"><i class=\"fas fa-caret-up\"><\/i><\/span>\n\t\t\t\t\t\t\t\t\t\t\t\t\t\t\t\t\t\t\t\t\t\t<\/span>\n\t\t\t\t\t\t\t\t\t\t\t\t\t\t\t\t\t\t<a class=\"elementor-accordion-title\" href=\"\">Standard konfiguracija<\/a>\n\t\t\t\t\t<\/h4>\n\t\t\t\t\t<div id=\"elementor-tab-content-1123\" class=\"elementor-tab-content elementor-clearfix\" data-tab=\"3\" role=\"tabpanel\" aria-labelledby=\"elementor-tab-title-1123\"><ul style=\"list-style-type: circle;\"><li>Hidro masa\u017ea<\/li><li>Vazdu\u0161na masa\u017ea<\/li><li>Slavina<\/li><li>Tu\u0161 glava<\/li><li>Kontrolni panel<\/li><li>Jastuci<\/li><li>Za\u0161tita od curenja<\/li><li>Regulator nivoa vode<\/li><li>Hidro mlaznice: 11 kom<\/li><li>Vodena pumpa: 1&#215;1.2hp<\/li><li>Vazdu\u0161na pumpa: 300W<\/li><li>Sistem grijanja: 1&#215;1.5kw<\/li><li>Osvjetljenje<\/li><\/ul><\/div>\n\t\t\t\t<\/div>\n\t\t\t\t\t<\/div>\n\t\t\t\t\t\t<\/div>\n\t\t\t\t<\/div>\n\t\t\t\t\t<\/div>\n\t\t<\/div>\n\t\t\t\t\t<\/div>\n\t\t<\/section>\n\t\t\t\t<\/div>\n\t\t","protected":false},"excerpt":{"rendered":"<p>O proizvodu U\u017eivajte u vrhunskom wellness iskustvu uz na\u0161u Hidromasa\u017enu kadu WB-8021. Ovaj luksuzni djakuzi (jacuzzi) nudi savr\u0161en spoj dizajna i funkcionalnosti, idealan za va\u0161 dom ili spa centar. Prodaja hidromasa\u017enih kada vrhunskog kvaliteta \u2013 PerfektSpa. Osigurajte sebi vrhunski wellness u\u017eitak i kontaktirajte nas za vi\u0161e informacija o modelu WB-8021. Zainteresovani ste za model WB-8021?&hellip;<\/p>\n","protected":false},"featured_media":56895,"template":"","meta":{"_monsterinsights_skip_tracking":false,"_monsterinsights_sitenote_active":false,"_monsterinsights_sitenote_note":"","_monsterinsights_sitenote_category":0},"product_brand":[],"product_cat":[349],"product_tag":[333],"class_list":{"0":"post-56894","1":"product","2":"type-product","3":"status-publish","4":"has-post-thumbnail","6":"product_cat-hidromasazne-kade","7":"product_tag-outdoor-spa-pool","9":"first","10":"instock","11":"shipping-taxable","12":"product-type-simple"},"aioseo_notices":[],"_links":{"self":[{"href":"https:\/\/perfektspa.com\/index.php\/wp-json\/wp\/v2\/product\/56894","targetHints":{"allow":["GET"]}}],"collection":[{"href":"https:\/\/perfektspa.com\/index.php\/wp-json\/wp\/v2\/product"}],"about":[{"href":"https:\/\/perfektspa.com\/index.php\/wp-json\/wp\/v2\/types\/product"}],"version-history":[{"count":40,"href":"https:\/\/perfektspa.com\/index.php\/wp-json\/wp\/v2\/product\/56894\/revisions"}],"predecessor-version":[{"id":57655,"href":"https:\/\/perfektspa.com\/index.php\/wp-json\/wp\/v2\/product\/56894\/revisions\/57655"}],"wp:featuredmedia":[{"embeddable":true,"href":"https:\/\/perfektspa.com\/index.php\/wp-json\/wp\/v2\/media\/56895"}],"wp:attachment":[{"href":"https:\/\/perfektspa.com\/index.php\/wp-json\/wp\/v2\/media?parent=56894"}],"wp:term":[{"taxonomy":"product_brand","embeddable":true,"href":"https:\/\/perfektspa.com\/index.php\/wp-json\/wp\/v2\/product_brand?post=56894"},{"taxonomy":"product_cat","embeddable":true,"href":"https:\/\/perfektspa.com\/index.php\/wp-json\/wp\/v2\/product_cat?post=56894"},{"taxonomy":"product_tag","embeddable":true,"href":"https:\/\/perfektspa.com\/index.php\/wp-json\/wp\/v2\/product_tag?post=56894"}],"curies":[{"name":"wp","href":"https:\/\/api.w.org\/{rel}","templated":true}]}}