{"id":57924,"date":"2026-04-13T11:30:35","date_gmt":"2026-04-13T09:30:35","guid":{"rendered":"https:\/\/perfektspa.com\/?post_type=product&#038;p=57924"},"modified":"2026-04-13T11:40:18","modified_gmt":"2026-04-13T09:40:18","slug":"hidromasazni-bazen-r6004","status":"publish","type":"product","link":"https:\/\/perfektspa.com\/index.php\/product\/hidromasazni-bazen-r6004\/","title":{"rendered":"Vanjski hidromasa\u017eni bazen R6004 za 6 osoba"},"content":{"rendered":"\t\t<div data-elementor-type=\"product-post\" data-elementor-id=\"57924\" class=\"elementor elementor-57924\" data-elementor-post-type=\"product\">\n\t\t\t\t\t\t<section class=\"elementor-section elementor-top-section elementor-element elementor-element-58b349c elementor-section-boxed elementor-section-height-default elementor-section-height-default\" data-id=\"58b349c\" data-element_type=\"section\" data-e-type=\"section\">\n\t\t\t\t\t\t<div class=\"elementor-container elementor-column-gap-no\">\n\t\t\t\t\t<div class=\"elementor-column elementor-col-100 elementor-top-column elementor-element elementor-element-bb9abaf\" data-id=\"bb9abaf\" data-element_type=\"column\" data-e-type=\"column\">\n\t\t\t<div class=\"elementor-widget-wrap elementor-element-populated\">\n\t\t\t\t\t\t<div class=\"elementor-element elementor-element-f179c3b elementor-widget elementor-widget-heading\" data-id=\"f179c3b\" data-element_type=\"widget\" data-e-type=\"widget\" data-widget_type=\"heading.default\">\n\t\t\t\t<div class=\"elementor-widget-container\">\n\t\t\t\t\t<h2 class=\"elementor-heading-title elementor-size-default\">O proizvodu<\/h2>\t\t\t\t<\/div>\n\t\t\t\t<\/div>\n\t\t\t\t<div class=\"elementor-element elementor-element-11d357f elementor-widget elementor-widget-text-editor\" data-id=\"11d357f\" data-element_type=\"widget\" data-e-type=\"widget\" data-widget_type=\"text-editor.default\">\n\t\t\t\t<div class=\"elementor-widget-container\">\n\t\t\t\t\t\t\t\t\t<p style=\"text-align: justify;\">Vanjski hidromasa\u017eni bazen R6004 za 6 osoba predstavlja odli\u010dno rje\u0161enje za opu\u0161tanje u dvori\u0161tu ili na terasi. Ovaj moderni jacuzzi, poznat i kao \u0111akuzi, pru\u017ea sna\u017ene masa\u017ene mlaznice, visok nivo udobnosti i funkcionalan dizajn.<\/p><p style=\"text-align: justify;\">Zahvaljuju\u0107i pa\u017eljivo raspore\u0111enim sjedi\u0161tima, ovaj model omogu\u0107ava kvalitetno iskustvo hidromasa\u017ee za porodicu ili dru\u0161tvo. Idealan je za svakodnevno opu\u0161tanje, ali i dru\u017eenje u ugodnom ambijentu.<\/p><p style=\"text-align: justify;\">Kombinacija kvalitetnih materijala i pouzdane izrade osigurava dugotrajnu upotrebu i jednostavno odr\u017eavanje. Ovaj hidromasa\u017eni bazen pru\u017ea savr\u0161en balans izme\u0111u performansi, komfora i prakti\u010dnosti.<\/p><p style=\"text-align: justify;\">\ud83d\udc49 <a href=\"https:\/\/perfektspa.com\/index.php\/kontakt\/\">Po\u0161aljite upit<\/a> i saznajte vi\u0161e ili zatra\u017eite ponudu za ovaj model.<\/p>\t\t\t\t\t\t\t\t<\/div>\n\t\t\t\t<\/div>\n\t\t\t\t<div class=\"elementor-element elementor-element-ef16b73 elementor-widget elementor-widget-the7-accordion\" data-id=\"ef16b73\" data-element_type=\"widget\" data-e-type=\"widget\" data-widget_type=\"the7-accordion.default\">\n\t\t\t\t<div class=\"elementor-widget-container\">\n\t\t\t\t\t\t\t<div class=\"elementor-accordion the7-adv-accordion ac_bb_active_title ac_left_right_borders\" data-accordion-type=\"accordion\" role=\"tablist\">\n\t\t\t\t\t\t\t<div class=\"elementor-accordion-item\">\n\t\t\t\t\t<h6 id=\"elementor-tab-title-2501\" class=\"elementor-tab-title the7-accordion-header deactive-default\" data-tab=\"1\" role=\"tab\" aria-controls=\"elementor-tab-content-2501\">\n\n\t\t\t\t\t\t\t\t\t\t\t\t\t<span class=\"elementor-accordion-icon elementor-accordion-icon-right\" aria-hidden=\"true\">\n\t\t\t\t\t\t\t\t\t\t\t\t\t\t\t<span class=\"elementor-accordion-icon-closed\"><i class=\"fas fa-caret-down\"><\/i><\/span>\n\t\t\t\t\t\t\t\t\t\t\t\t\t\t\t\t\t<span class=\"elementor-accordion-icon-opened\"><i class=\"fas fa-caret-up\"><\/i><\/span>\n\t\t\t\t\t\t\t\t\t\t\t\t\t\t\t\t\t\t\t\t\t\t<\/span>\n\t\t\t\t\t\t\t\t\t\t\t\t\t\t\t\t\t\t<a class=\"elementor-accordion-title\" href=\"\">Osnovni podaci<\/a>\n\t\t\t\t\t<\/h6>\n\t\t\t\t\t<div id=\"elementor-tab-content-2501\" class=\"elementor-tab-content elementor-clearfix deactive-default\" data-tab=\"1\" role=\"tabpanel\" aria-labelledby=\"elementor-tab-title-2501\"><\/div>\n\t\t\t\t<\/div>\n\t\t\t\t\t\t\t<div class=\"elementor-accordion-item\">\n\t\t\t\t\t<h6 id=\"elementor-tab-title-2502\" class=\"elementor-tab-title the7-accordion-header\" data-tab=\"2\" role=\"tab\" aria-controls=\"elementor-tab-content-2502\">\n\n\t\t\t\t\t\t\t\t\t\t\t\t\t<span class=\"elementor-accordion-icon elementor-accordion-icon-right\" aria-hidden=\"true\">\n\t\t\t\t\t\t\t\t\t\t\t\t\t\t\t<span class=\"elementor-accordion-icon-closed\"><i class=\"fas fa-caret-down\"><\/i><\/span>\n\t\t\t\t\t\t\t\t\t\t\t\t\t\t\t\t\t<span class=\"elementor-accordion-icon-opened\"><i class=\"fas fa-caret-up\"><\/i><\/span>\n\t\t\t\t\t\t\t\t\t\t\t\t\t\t\t\t\t\t\t\t\t\t<\/span>\n\t\t\t\t\t\t\t\t\t\t\t\t\t\t\t\t\t\t<a class=\"elementor-accordion-title\" href=\"\">Tehni\u010dka specifikacija<\/a>\n\t\t\t\t\t<\/h6>\n\t\t\t\t\t<div id=\"elementor-tab-content-2502\" class=\"elementor-tab-content elementor-clearfix\" data-tab=\"2\" role=\"tabpanel\" aria-labelledby=\"elementor-tab-title-2502\"><\/div>\n\t\t\t\t<\/div>\n\t\t\t\t\t\t\t<div class=\"elementor-accordion-item\">\n\t\t\t\t\t<h6 id=\"elementor-tab-title-2503\" class=\"elementor-tab-title the7-accordion-header\" data-tab=\"3\" role=\"tab\" aria-controls=\"elementor-tab-content-2503\">\n\n\t\t\t\t\t\t\t\t\t\t\t\t\t<span class=\"elementor-accordion-icon elementor-accordion-icon-right\" aria-hidden=\"true\">\n\t\t\t\t\t\t\t\t\t\t\t\t\t\t\t<span class=\"elementor-accordion-icon-closed\"><i class=\"fas fa-caret-down\"><\/i><\/span>\n\t\t\t\t\t\t\t\t\t\t\t\t\t\t\t\t\t<span class=\"elementor-accordion-icon-opened\"><i class=\"fas fa-caret-up\"><\/i><\/span>\n\t\t\t\t\t\t\t\t\t\t\t\t\t\t\t\t\t\t\t\t\t\t<\/span>\n\t\t\t\t\t\t\t\t\t\t\t\t\t\t\t\t\t\t<a class=\"elementor-accordion-title\" href=\"\">Ostalo<\/a>\n\t\t\t\t\t<\/h6>\n\t\t\t\t\t<div id=\"elementor-tab-content-2503\" class=\"elementor-tab-content elementor-clearfix\" data-tab=\"3\" role=\"tabpanel\" aria-labelledby=\"elementor-tab-title-2503\"><\/div>\n\t\t\t\t<\/div>\n\t\t\t\t\t<\/div>\n\t\t\t\t\t\t<\/div>\n\t\t\t\t<\/div>\n\t\t\t\t\t<\/div>\n\t\t<\/div>\n\t\t\t\t\t<\/div>\n\t\t<\/section>\n\t\t\t\t<\/div>\n\t\t","protected":false},"excerpt":{"rendered":"<p>O proizvodu Vanjski hidromasa\u017eni bazen R6004 za 6 osoba predstavlja odli\u010dno rje\u0161enje za opu\u0161tanje u dvori\u0161tu ili na terasi. Ovaj moderni jacuzzi, poznat i kao \u0111akuzi, pru\u017ea sna\u017ene masa\u017ene mlaznice, visok nivo udobnosti i funkcionalan dizajn. Zahvaljuju\u0107i pa\u017eljivo raspore\u0111enim sjedi\u0161tima, ovaj model omogu\u0107ava kvalitetno iskustvo hidromasa\u017ee za porodicu ili dru\u0161tvo. Idealan je za svakodnevno opu\u0161tanje,&hellip;<\/p>\n","protected":false},"featured_media":57925,"template":"","meta":{"_monsterinsights_skip_tracking":false,"_monsterinsights_sitenote_active":false,"_monsterinsights_sitenote_note":"","_monsterinsights_sitenote_category":0},"product_brand":[],"product_cat":[334],"product_tag":[333],"class_list":{"0":"post-57924","1":"product","2":"type-product","3":"status-publish","4":"has-post-thumbnail","6":"product_cat-hidromasazni-bazeni","7":"product_tag-outdoor-spa-pool","9":"first","10":"instock","11":"shipping-taxable","12":"purchasable","13":"product-type-simple"},"_links":{"self":[{"href":"https:\/\/perfektspa.com\/index.php\/wp-json\/wp\/v2\/product\/57924","targetHints":{"allow":["GET"]}}],"collection":[{"href":"https:\/\/perfektspa.com\/index.php\/wp-json\/wp\/v2\/product"}],"about":[{"href":"https:\/\/perfektspa.com\/index.php\/wp-json\/wp\/v2\/types\/product"}],"version-history":[{"count":4,"href":"https:\/\/perfektspa.com\/index.php\/wp-json\/wp\/v2\/product\/57924\/revisions"}],"predecessor-version":[{"id":57930,"href":"https:\/\/perfektspa.com\/index.php\/wp-json\/wp\/v2\/product\/57924\/revisions\/57930"}],"wp:featuredmedia":[{"embeddable":true,"href":"https:\/\/perfektspa.com\/index.php\/wp-json\/wp\/v2\/media\/57925"}],"wp:attachment":[{"href":"https:\/\/perfektspa.com\/index.php\/wp-json\/wp\/v2\/media?parent=57924"}],"wp:term":[{"taxonomy":"product_brand","embeddable":true,"href":"https:\/\/perfektspa.com\/index.php\/wp-json\/wp\/v2\/product_brand?post=57924"},{"taxonomy":"product_cat","embeddable":true,"href":"https:\/\/perfektspa.com\/index.php\/wp-json\/wp\/v2\/product_cat?post=57924"},{"taxonomy":"product_tag","embeddable":true,"href":"https:\/\/perfektspa.com\/index.php\/wp-json\/wp\/v2\/product_tag?post=57924"}],"curies":[{"name":"wp","href":"https:\/\/api.w.org\/{rel}","templated":true}]}}